{"id":10250,"date":"2025-04-08T09:38:51","date_gmt":"2025-04-08T09:38:51","guid":{"rendered":"https:\/\/whitelip.com\/chainpop-lychee-coconut\/"},"modified":"2026-03-09T17:52:58","modified_gmt":"2026-03-09T17:52:58","slug":"chainpop-lychee-coconut","status":"publish","type":"product","link":"https:\/\/whitelip.com\/cs\/chainpop\/chainpop-lychee-coconut\/","title":{"rendered":"CHAINPOP Li\u010di a kokos"},"content":{"rendered":"<h2 class=\"translation-block\">CHAINPOP Lychee &amp; Coconut<\/h2>\n<p class=\"\" data-start=\"142\" data-end=\"635\">Vyzkou\u0161ejte jedine\u010dnou tropickou sm\u011bs, ve kter\u00e9 se sladk\u00e9 jihoasijsk\u00e9 li\u010di snoub\u00ed s jemn\u00fdm kr\u00e9mov\u00fdm kokosem. Tento nikotinov\u00fd s\u00e1\u010dek \u0161v\u00e9dsk\u00e9 v\u00fdroby je vyroben pro pohodl\u00ed, jemn\u011b se vkl\u00e1d\u00e1 pod rty, ne\u0161t\u00edpe a p\u0159in\u00e1\u0161\u00ed dlouhotrvaj\u00edc\u00ed chu\u0165, kter\u00e1 v\u00e1s osv\u011b\u017e\u00ed po cel\u00fd den. Ide\u00e1ln\u00ed pro ty, kte\u0159\u00ed hledaj\u00ed ovocn\u00fd, exotick\u00fd zvrat ve sv\u00e9 nikotinov\u00e9 rutin\u011b. D\u00edky vysoce kvalitn\u00ed v\u00fdrob\u011b ve \u0160v\u00e9dsku z\u00edsk\u00e1te pr\u00e9miov\u00fd s\u00e1\u010dek pln\u00fd tropick\u00e9 chuti v ka\u017ed\u00e9m s\u00e1\u010dku. Hladk\u00fd, aromatick\u00fd a v\u00fdrazn\u011b odli\u0161n\u00fd.<\/p>\n<table>\n<tbody>\n<tr>\n<td><b>Atribut<\/b><\/td>\n<td><b>Podrobnosti na<\/b><\/td>\n<\/tr>\n<tr>\n<td><b>Obsah na plechovku<\/b><\/td>\n<td><span style=\"font-weight: 400;\">10 g (20 s\u00e1\u010dk\u016f)<\/span><\/td>\n<\/tr>\n<tr>\n<td><b>Obsah nikotinu<\/b><\/td>\n<td><span style=\"font-weight: 400;\">8,6 mg\/g (5 mg na s\u00e1\u010dek)<\/span><\/td>\n<\/tr>\n<tr>\n<td><b>Form\u00e1t pouzdra<\/b><\/td>\n<td><span style=\"font-weight: 400;\">Slim<\/span><\/td>\n<\/tr>\n<tr>\n<td><b>V\u00fdrobce<\/b><\/td>\n<td><span style=\"font-weight: 400;\">Chainpop AB<\/span><\/td>\n<\/tr>\n<tr>\n<td><b>P\u0159\u00edchu\u0165<\/b><\/td>\n<td><span style=\"font-weight: 400;\">Li\u010di a kokosov\u00fd o\u0159ech<\/span><\/td>\n<\/tr>\n<tr>\n<td><b>Typ<\/b><\/td>\n<td><span style=\"font-weight: 400;\">Celob\u00edl\u00e9 pouzdro<\/span><\/td>\n<\/tr>\n<\/tbody>\n<\/table>","protected":false},"excerpt":{"rendered":"<p>Exotick\u00e9 <strong data-start=\"7\" data-end=\"27\">li\u010di a kokos<\/strong> s jemn\u00fdm, kr\u00e9mov\u00fdm tropick\u00fdm charakterem. M\u011bkk\u00fd s\u00e1\u010dek s n\u00edzk\u00fdm odkap\u00e1v\u00e1n\u00edm pohodln\u011b sed\u00ed pod rty, ne\u0161t\u00edpe a poskytuje dlouhotrvaj\u00edc\u00ed chu\u0165. Ka\u017ed\u00fd s\u00e1\u010dek obsahuje <strong data-start=\"198\" data-end=\"225\">5 mg nikotinu na s\u00e1\u010dek<\/strong>, vyroben\u00e9 ve \u0160v\u00e9dsku z prvot\u0159\u00eddn\u00edch surovin, kter\u00e9 poskytuj\u00ed osv\u011b\u017euj\u00edc\u00ed a v\u00fdrazn\u011b odli\u0161n\u00fd z\u00e1\u017eitek.<\/p>","protected":false},"featured_media":3351,"comment_status":"open","ping_status":"closed","template":"","format":[206],"meta":{"_acf_changed":false},"product_brand":[],"product_cat":[106],"product_tag":[16565],"flavours":[196],"nicotine":[231,236],"class_list":{"0":"post-10250","1":"product","2":"type-product","3":"status-publish","4":"has-post-thumbnail","6":"product_cat-chainpop","7":"product_tag-5-mg-pouch","8":"pa_quantity-1-pack","9":"pa_quantity-10-pack","10":"pa_quantity-3-pack","11":"pa_quantity-30-pack","12":"pa_quantity-5-pack","13":"pa_quantity-60-pack","14":"flavours-fruits-berries","15":"format-slim","16":"nicotine-9-mg-g","17":"nicotine-strong","19":"first","20":"outofstock","21":"taxable","22":"shipping-taxable","23":"purchasable","24":"product-type-variable","25":"has-default-attributes"},"acf":[],"_links":{"self":[{"href":"https:\/\/whitelip.com\/cs\/wp-json\/wp\/v2\/product\/10250","targetHints":{"allow":["GET"]}}],"collection":[{"href":"https:\/\/whitelip.com\/cs\/wp-json\/wp\/v2\/product"}],"about":[{"href":"https:\/\/whitelip.com\/cs\/wp-json\/wp\/v2\/types\/product"}],"replies":[{"embeddable":true,"href":"https:\/\/whitelip.com\/cs\/wp-json\/wp\/v2\/comments?post=10250"}],"wp:featuredmedia":[{"embeddable":true,"href":"https:\/\/whitelip.com\/cs\/wp-json\/wp\/v2\/media\/3351"}],"wp:attachment":[{"href":"https:\/\/whitelip.com\/cs\/wp-json\/wp\/v2\/media?parent=10250"}],"wp:term":[{"taxonomy":"product_brand","embeddable":true,"href":"https:\/\/whitelip.com\/cs\/wp-json\/wp\/v2\/product_brand?post=10250"},{"taxonomy":"product_cat","embeddable":true,"href":"https:\/\/whitelip.com\/cs\/wp-json\/wp\/v2\/product_cat?post=10250"},{"taxonomy":"product_tag","embeddable":true,"href":"https:\/\/whitelip.com\/cs\/wp-json\/wp\/v2\/product_tag?post=10250"},{"taxonomy":"flavours","embeddable":true,"href":"https:\/\/whitelip.com\/cs\/wp-json\/wp\/v2\/flavours?post=10250"},{"taxonomy":"format","embeddable":true,"href":"https:\/\/whitelip.com\/cs\/wp-json\/wp\/v2\/format?post=10250"},{"taxonomy":"nicotine","embeddable":true,"href":"https:\/\/whitelip.com\/cs\/wp-json\/wp\/v2\/nicotine?post=10250"}],"curies":[{"name":"wp","href":"https:\/\/api.w.org\/{rel}","templated":true}]}}