{"id":10245,"date":"2025-04-02T12:06:03","date_gmt":"2025-04-02T12:06:03","guid":{"rendered":"https:\/\/whitelip.com\/shogun-mint-shock\/"},"modified":"2026-04-14T10:16:55","modified_gmt":"2026-04-14T10:16:55","slug":"shogun-mint-shock","status":"publish","type":"product","link":"https:\/\/whitelip.com\/cs\/shogun\/shogun-mint-shock\/","title":{"rendered":"SHOGUN Mint Shock"},"content":{"rendered":"<h2><strong>SHOGUN Mint Shock<\/strong><\/h2>\n<div class=\"x_elementToProof\" data-ogsc=\"rgb(0, 0, 0)\" data-olk-copy-source=\"MessageBody\">Nen\u00ed to oby\u010dejn\u00fd s\u00e1\u010dek na mincovn\u00edk. Mint Shock je sv\u011b\u017e\u00ed, \u010dist\u00e1 m\u00e1tov\u00e1 dobrota, kter\u00e1 je dopln\u011bna trochou sladkosti - jako va\u0161e obl\u00edben\u00e9 \u017ev\u00fdka\u010dky Orbit, ale s extra chladiv\u00fdm pocitem, kter\u00fd p\u0159etrv\u00e1v\u00e1 tak akor\u00e1t. V tenk\u00e9m, vlhk\u00e9m form\u00e1tu 0,6 g je hladk\u00e1, osv\u011b\u017euj\u00edc\u00ed a spr\u00e1vn\u011b odv\u00e1\u017en\u00e1. A s 20 mg\/g nikotinu (12 mg na s\u00e1\u010dek) poskytuje nejsiln\u011bj\u0161\u00ed nakopnut\u00ed z cel\u00e9 \u0159ady. Pokud m\u00e1te r\u00e1di m\u00e1tu, ale chcete n\u011bco v\u00edc, je tento model ur\u010den pr\u00e1v\u011b v\u00e1m.<\/div>\n<table>\n<tbody>\n<tr>\n<td><b>Atribut<\/b><\/td>\n<td><b>Podrobnosti na<\/b><\/td>\n<\/tr>\n<tr>\n<td><b>Obsah na plechovku<\/b><\/td>\n<td>15 g\/g (20 s\u00e1\u010dk\u016f)<\/td>\n<\/tr>\n<tr>\n<td><b>Obsah nikotinu<\/b><\/td>\n<td>20 mg\/g (12 mg na s\u00e1\u010dek)<\/td>\n<\/tr>\n<tr>\n<td><b>Form\u00e1t pouzdra<\/b><\/td>\n<td>Slim<\/td>\n<\/tr>\n<tr>\n<td><b>V\u00fdrobce<\/b><\/td>\n<td>Wizax Sp. z o.o<\/td>\n<\/tr>\n<tr>\n<td><b>P\u0159\u00edchu\u0165<\/b><\/td>\n<td>M\u00e1tov\u00fd<\/td>\n<\/tr>\n<tr>\n<td><b>Typ<\/b><\/td>\n<td>Nikotinov\u00fd s\u00e1\u010dek<\/td>\n<\/tr>\n<\/tbody>\n<\/table>","protected":false},"excerpt":{"rendered":"<div class=\"x_elementToProof\" data-ogsc=\"rgb(0, 0, 0)\" data-olk-copy-source=\"MessageBody\">Nikotinov\u00e9 s\u00e1\u010dky Mint Shock p\u0159in\u00e1\u0161ej\u00ed sv\u011b\u017e\u00ed a \u010distou chu\u0165 nikotinu. <strong data-start=\"51\" data-end=\"59\">M\u00e1tov\u00fd<\/strong> s extra chladivou chut\u00ed a n\u00e1dechem sladkosti. <strong data-start=\"111\" data-end=\"119\">Slim<\/strong>, vlhk\u00fd form\u00e1t 0,6 g pro hladk\u00e9 a osv\u011b\u017euj\u00edc\u00ed pou\u017eit\u00ed. Ka\u017ed\u00fd s\u00e1\u010dek obsahuje <strong data-start=\"188\" data-end=\"206\">12 mg nikotinu<\/strong> (20 mg\/g).<\/div>","protected":false},"featured_media":10246,"comment_status":"open","ping_status":"closed","template":"","format":[206],"meta":{"_acf_changed":false},"product_brand":[],"product_cat":[105],"product_tag":[16561],"flavours":[199],"nicotine":[218,232],"class_list":{"0":"post-10245","1":"product","2":"type-product","3":"status-publish","4":"has-post-thumbnail","6":"product_cat-shogun","7":"product_tag-12-mg-pouch","8":"pa_quantity-1-pack","9":"pa_quantity-10-pack","10":"pa_quantity-3-pack","11":"pa_quantity-30-pack","12":"pa_quantity-5-pack","13":"pa_quantity-60-pack","14":"flavours-mint","15":"format-slim","16":"nicotine-20-mg-g","17":"nicotine-extra-strong","19":"first","20":"outofstock","21":"taxable","22":"shipping-taxable","23":"purchasable","24":"product-type-variable"},"acf":[],"_links":{"self":[{"href":"https:\/\/whitelip.com\/cs\/wp-json\/wp\/v2\/product\/10245","targetHints":{"allow":["GET"]}}],"collection":[{"href":"https:\/\/whitelip.com\/cs\/wp-json\/wp\/v2\/product"}],"about":[{"href":"https:\/\/whitelip.com\/cs\/wp-json\/wp\/v2\/types\/product"}],"replies":[{"embeddable":true,"href":"https:\/\/whitelip.com\/cs\/wp-json\/wp\/v2\/comments?post=10245"}],"wp:featuredmedia":[{"embeddable":true,"href":"https:\/\/whitelip.com\/cs\/wp-json\/wp\/v2\/media\/10246"}],"wp:attachment":[{"href":"https:\/\/whitelip.com\/cs\/wp-json\/wp\/v2\/media?parent=10245"}],"wp:term":[{"taxonomy":"product_brand","embeddable":true,"href":"https:\/\/whitelip.com\/cs\/wp-json\/wp\/v2\/product_brand?post=10245"},{"taxonomy":"product_cat","embeddable":true,"href":"https:\/\/whitelip.com\/cs\/wp-json\/wp\/v2\/product_cat?post=10245"},{"taxonomy":"product_tag","embeddable":true,"href":"https:\/\/whitelip.com\/cs\/wp-json\/wp\/v2\/product_tag?post=10245"},{"taxonomy":"flavours","embeddable":true,"href":"https:\/\/whitelip.com\/cs\/wp-json\/wp\/v2\/flavours?post=10245"},{"taxonomy":"format","embeddable":true,"href":"https:\/\/whitelip.com\/cs\/wp-json\/wp\/v2\/format?post=10245"},{"taxonomy":"nicotine","embeddable":true,"href":"https:\/\/whitelip.com\/cs\/wp-json\/wp\/v2\/nicotine?post=10245"}],"curies":[{"name":"wp","href":"https:\/\/api.w.org\/{rel}","templated":true}]}}