{"id":10220,"date":"2025-03-31T11:40:11","date_gmt":"2025-03-31T11:40:11","guid":{"rendered":"https:\/\/whitelip.com\/iceberg-watermelon-mint-gum-medium\/"},"modified":"2026-04-15T03:02:23","modified_gmt":"2026-04-15T03:02:23","slug":"iceberg-watermelon-mint-gum-medium","status":"publish","type":"product","link":"https:\/\/whitelip.com\/cs\/iceberg\/iceberg-watermelon-mint-gum-medium\/","title":{"rendered":"ICEBERG Watermelon Mint Gum Medium"},"content":{"rendered":"<h2><strong>ICEBERG Watermelon Mint Gum Medium<\/strong><\/h2>\n<p class=\"\" data-start=\"94\" data-end=\"749\">\u017dv\u00fdka\u010dky ICEBERG Watermelon Mint Gum Medium s nikotinem kombinuj\u00ed \u0161\u0165avnatou sladkost vodn\u00edho melounu s chladivou m\u00e1tou a \u017ev\u00fdka\u010dkov\u00fdm n\u00e1dechem, co\u017e vytv\u00e1\u0159\u00ed osv\u011b\u017euj\u00edc\u00ed a hrav\u00fd chu\u0165ov\u00fd profil. Tyto tenk\u00e9 s\u00e1\u010dky se silou nikotinu 20 mg na gram - p\u0159ibli\u017en\u011b 12 mg na s\u00e1\u010dek - jsou ide\u00e1ln\u00ed pro zku\u0161en\u00e9 u\u017eivatele, kte\u0159\u00ed hledaj\u00ed chu\u0165ov\u011b v\u00fdrazn\u00fd a z\u00e1rove\u0148 vyv\u00e1\u017een\u00fd nikotinov\u00fd z\u00e1\u017eitek. Jsou navr\u017eeny pro diskr\u00e9tn\u00ed pou\u017eit\u00ed pod rty bez zabarven\u00ed zub\u016f a jsou ide\u00e1ln\u00ed pro po\u017eitek na cest\u00e1ch. Tyto beztab\u00e1kov\u00e9 s\u00e1\u010dky, vyr\u00e1b\u011bn\u00e9 polsk\u00fdm v\u00fdrobcem Neoptolem, kter\u00fd je zn\u00e1m\u00fd spojen\u00edm modern\u00edch postup\u016f s tradi\u010dn\u00ed kvalitou, nab\u00edzej\u00ed jemn\u00e9 nakopnut\u00ed se z\u00e1bavn\u00fdm ovocn\u00fdm n\u00e1dechem.<\/p>\n<table>\n<tbody>\n<tr>\n<td><b>Atribut<\/b><\/td>\n<td><b>Podrobnosti na<\/b><\/td>\n<\/tr>\n<tr>\n<td><b>Obsah na plechovku<\/b><\/td>\n<td><span style=\"font-weight: 400;\">12 g (20 s\u00e1\u010dk\u016f)<\/span><\/td>\n<\/tr>\n<tr>\n<td><b>Obsah nikotinu<\/b><\/td>\n<td><span style=\"font-weight: 400;\">20 mg\/g (12 mg na s\u00e1\u010dek)<\/span><\/td>\n<\/tr>\n<tr>\n<td><b>Form\u00e1t pouzdra<\/b><\/td>\n<td><span style=\"font-weight: 400;\">Slim<\/span><\/td>\n<\/tr>\n<tr>\n<td><b>V\u00fdrobce<\/b><\/td>\n<td><span style=\"font-weight: 400;\">Neoptolem<\/span><\/td>\n<\/tr>\n<tr>\n<td><b>P\u0159\u00edchu\u0165<\/b><\/td>\n<td>Meloun, m\u00e1ta<\/td>\n<\/tr>\n<tr>\n<td><b>Typ<\/b><\/td>\n<td><span style=\"font-weight: 400;\">Celob\u00edl\u00e9 pouzdro<\/span><\/td>\n<\/tr>\n<\/tbody>\n<\/table>\n<p>\u00a0<\/p>","protected":false},"excerpt":{"rendered":"<p>\u017dv\u00fdka\u010dky ICEBERG Watermelon Mint Gum: <strong data-start=\"29\" data-end=\"77\">\u0161\u0165avnat\u00fd meloun, chladiv\u00e1 m\u00e1ta, \u017ev\u00fdka\u010dkov\u00fd twist<\/strong> pro osv\u011b\u017euj\u00edc\u00ed a hrav\u00fd profil. <strong data-start=\"113\" data-end=\"121\">Slim<\/strong> celob\u00edl\u00e9 s\u00e1\u010dky se nen\u00e1padn\u011b usad\u00ed pod rty, ani\u017e by je zabarvily. <strong data-start=\"187\" data-end=\"197\">St\u0159edn\u00ed<\/strong> s\u00edla 20 mg\/g; ka\u017ed\u00fd s\u00e1\u010dek obsahuje ~12 mg nikotinu. Neobsahuje tab\u00e1k a je ide\u00e1ln\u00ed pro pou\u017eit\u00ed na cest\u00e1ch. Vyr\u00e1b\u00ed Neoptolem v Polsku.<\/p>","protected":false},"featured_media":10221,"comment_status":"open","ping_status":"closed","template":"","format":[206],"meta":{"_acf_changed":false},"product_brand":[],"product_cat":[50],"product_tag":[16561],"flavours":[196,199],"nicotine":[218,232],"class_list":{"0":"post-10220","1":"product","2":"type-product","3":"status-publish","4":"has-post-thumbnail","6":"product_cat-iceberg","7":"product_tag-12-mg-pouch","8":"pa_quantity-1-pack","9":"pa_quantity-10-pack","10":"pa_quantity-3-pack","11":"pa_quantity-30-pack","12":"pa_quantity-5-pack","13":"pa_quantity-60-pack","14":"flavours-fruits-berries","15":"flavours-mint","16":"format-slim","17":"nicotine-20-mg-g","18":"nicotine-extra-strong","20":"first","21":"instock","22":"taxable","23":"shipping-taxable","24":"purchasable","25":"product-type-variable","26":"has-default-attributes"},"acf":[],"_links":{"self":[{"href":"https:\/\/whitelip.com\/cs\/wp-json\/wp\/v2\/product\/10220","targetHints":{"allow":["GET"]}}],"collection":[{"href":"https:\/\/whitelip.com\/cs\/wp-json\/wp\/v2\/product"}],"about":[{"href":"https:\/\/whitelip.com\/cs\/wp-json\/wp\/v2\/types\/product"}],"replies":[{"embeddable":true,"href":"https:\/\/whitelip.com\/cs\/wp-json\/wp\/v2\/comments?post=10220"}],"wp:featuredmedia":[{"embeddable":true,"href":"https:\/\/whitelip.com\/cs\/wp-json\/wp\/v2\/media\/10221"}],"wp:attachment":[{"href":"https:\/\/whitelip.com\/cs\/wp-json\/wp\/v2\/media?parent=10220"}],"wp:term":[{"taxonomy":"product_brand","embeddable":true,"href":"https:\/\/whitelip.com\/cs\/wp-json\/wp\/v2\/product_brand?post=10220"},{"taxonomy":"product_cat","embeddable":true,"href":"https:\/\/whitelip.com\/cs\/wp-json\/wp\/v2\/product_cat?post=10220"},{"taxonomy":"product_tag","embeddable":true,"href":"https:\/\/whitelip.com\/cs\/wp-json\/wp\/v2\/product_tag?post=10220"},{"taxonomy":"flavours","embeddable":true,"href":"https:\/\/whitelip.com\/cs\/wp-json\/wp\/v2\/flavours?post=10220"},{"taxonomy":"format","embeddable":true,"href":"https:\/\/whitelip.com\/cs\/wp-json\/wp\/v2\/format?post=10220"},{"taxonomy":"nicotine","embeddable":true,"href":"https:\/\/whitelip.com\/cs\/wp-json\/wp\/v2\/nicotine?post=10220"}],"curies":[{"name":"wp","href":"https:\/\/api.w.org\/{rel}","templated":true}]}}