{"id":10215,"date":"2025-03-31T11:32:48","date_gmt":"2025-03-31T11:32:48","guid":{"rendered":"https:\/\/whitelip.com\/iceberg-strawberry-mango-gum-extreme\/"},"modified":"2026-05-02T10:11:25","modified_gmt":"2026-05-02T10:11:25","slug":"iceberg-strawberry-mango-gum-extreme","status":"publish","type":"product","link":"https:\/\/whitelip.com\/cs\/iceberg\/iceberg-strawberry-mango-gum-extreme\/","title":{"rendered":"ICEBERG Strawberry Mango Gum Extreme"},"content":{"rendered":"<h2><strong>ICEBERG Strawberry Mango Gum Extreme<\/strong><\/h2>\n<p class=\"\" data-start=\"95\" data-end=\"773\">V nikotinov\u00fdch s\u00e1\u010dc\u00edch ICEBERG Strawberry Mango Gum Extreme se snoub\u00ed \u0161\u0165avnat\u00e1 sladkost zral\u00fdch jahod s tropick\u00fdm mangem a nostalgickou \u017ev\u00fdka\u010dkovou p\u0159\u00edchut\u00ed, co\u017e vytv\u00e1\u0159\u00ed \u017eivou a sladkou chu\u0165ovou explozi. Ka\u017ed\u00fd s\u00e1\u010dek tenk\u00e9ho form\u00e1tu obsahuje 50 mg nikotinu na gram - p\u0159ibli\u017en\u011b 35 mg na s\u00e1\u010dek - ide\u00e1ln\u00ed pro zku\u0161en\u00e9 u\u017eivatele, kte\u0159\u00ed hledaj\u00ed siln\u00fd a aromatick\u00fd nikotinov\u00fd hit. Jsou navr\u017eeny pro diskr\u00e9tn\u00ed pou\u017eit\u00ed pod rty bez zabarven\u00ed zub\u016f a jsou ide\u00e1ln\u00ed pro uspokojuj\u00edc\u00ed chv\u00edle na cest\u00e1ch. Tyto beztab\u00e1kov\u00e9 s\u00e1\u010dky, kter\u00e9 vyr\u00e1b\u00ed polsk\u00fd v\u00fdrobce Neoptolem, zn\u00e1m\u00fd spojen\u00edm modern\u00edch inovac\u00ed s tradi\u010dn\u00ed kvalitou, poskytuj\u00ed extr\u00e9mn\u00ed s\u00edlu s hrav\u00fdm ovocn\u00fdm n\u00e1dechem.<\/p>\n<table>\n<tbody>\n<tr>\n<td><b>Atribut<\/b><\/td>\n<td><b>Podrobnosti na<\/b><\/td>\n<\/tr>\n<tr>\n<td><b>Obsah na plechovku<\/b><\/td>\n<td><span style=\"font-weight: 400;\">13 g (20 s\u00e1\u010dk\u016f)<\/span><\/td>\n<\/tr>\n<tr>\n<td><b>Obsah nikotinu<\/b><\/td>\n<td><span style=\"font-weight: 400;\">50 mg\/g (35 mg na s\u00e1\u010dek)<\/span><\/td>\n<\/tr>\n<tr>\n<td><b>Form\u00e1t pouzdra<\/b><\/td>\n<td><span style=\"font-weight: 400;\">Slim<\/span><\/td>\n<\/tr>\n<tr>\n<td><b>V\u00fdrobce<\/b><\/td>\n<td><span style=\"font-weight: 400;\">Neoptolem<\/span><\/td>\n<\/tr>\n<tr>\n<td><b>P\u0159\u00edchu\u0165<\/b><\/td>\n<td>\u017dv\u00fdka\u010dka Strawberry Mango Gum<\/td>\n<\/tr>\n<tr>\n<td><b>Typ<\/b><\/td>\n<td><span style=\"font-weight: 400;\">Celob\u00edl\u00e9 pouzdro<\/span><\/td>\n<\/tr>\n<\/tbody>\n<\/table>\n<p>\u00a0<\/p>","protected":false},"excerpt":{"rendered":"<p>\u017dv\u00fdka\u010dky ICEBERG Strawberry Mango Gum: <strong data-start=\"30\" data-end=\"82\">zral\u00e9 jahody, tropick\u00e9 mango, \u017ev\u00fdka\u010dkov\u00fd twist<\/strong> pro z\u00e1\u0159iv\u00fd, cukrkandlov\u00fd profil. <strong data-start=\"118\" data-end=\"126\">Slim<\/strong> celob\u00edl\u00e9 s\u00e1\u010dky se nen\u00e1padn\u011b usad\u00ed pod rty, ani\u017e by je zabarvily. Extr\u00e9mn\u00ed s\u00edla 50 mg\/g; ka\u017ed\u00fd s\u00e1\u010dek obsahuje ~<strong>35 mg nikotinu<\/strong>. Neobsahuje tab\u00e1k a je ide\u00e1ln\u00ed pro siln\u00e9 uspokojen\u00ed na cest\u00e1ch. Vyr\u00e1b\u00ed Neoptolem v Polsku.<\/p>","protected":false},"featured_media":10216,"comment_status":"open","ping_status":"closed","template":"","format":[206],"meta":{"_acf_changed":false},"product_brand":[],"product_cat":[50],"product_tag":[16603],"flavours":[196],"nicotine":[226,233],"class_list":{"0":"post-10215","1":"product","2":"type-product","3":"status-publish","4":"has-post-thumbnail","6":"product_cat-iceberg","7":"product_tag-35-mg-pouch","8":"pa_quantity-1-pack","9":"pa_quantity-10-pack","10":"pa_quantity-3-pack","11":"pa_quantity-30-pack","12":"pa_quantity-5-pack","13":"pa_quantity-60-pack","14":"flavours-fruits-berries","15":"format-slim","16":"nicotine-50-mg-g","17":"nicotine-extreme","19":"first","20":"instock","21":"taxable","22":"shipping-taxable","23":"purchasable","24":"product-type-variable","25":"has-default-attributes"},"acf":[],"_links":{"self":[{"href":"https:\/\/whitelip.com\/cs\/wp-json\/wp\/v2\/product\/10215","targetHints":{"allow":["GET"]}}],"collection":[{"href":"https:\/\/whitelip.com\/cs\/wp-json\/wp\/v2\/product"}],"about":[{"href":"https:\/\/whitelip.com\/cs\/wp-json\/wp\/v2\/types\/product"}],"replies":[{"embeddable":true,"href":"https:\/\/whitelip.com\/cs\/wp-json\/wp\/v2\/comments?post=10215"}],"wp:featuredmedia":[{"embeddable":true,"href":"https:\/\/whitelip.com\/cs\/wp-json\/wp\/v2\/media\/10216"}],"wp:attachment":[{"href":"https:\/\/whitelip.com\/cs\/wp-json\/wp\/v2\/media?parent=10215"}],"wp:term":[{"taxonomy":"product_brand","embeddable":true,"href":"https:\/\/whitelip.com\/cs\/wp-json\/wp\/v2\/product_brand?post=10215"},{"taxonomy":"product_cat","embeddable":true,"href":"https:\/\/whitelip.com\/cs\/wp-json\/wp\/v2\/product_cat?post=10215"},{"taxonomy":"product_tag","embeddable":true,"href":"https:\/\/whitelip.com\/cs\/wp-json\/wp\/v2\/product_tag?post=10215"},{"taxonomy":"flavours","embeddable":true,"href":"https:\/\/whitelip.com\/cs\/wp-json\/wp\/v2\/flavours?post=10215"},{"taxonomy":"format","embeddable":true,"href":"https:\/\/whitelip.com\/cs\/wp-json\/wp\/v2\/format?post=10215"},{"taxonomy":"nicotine","embeddable":true,"href":"https:\/\/whitelip.com\/cs\/wp-json\/wp\/v2\/nicotine?post=10215"}],"curies":[{"name":"wp","href":"https:\/\/api.w.org\/{rel}","templated":true}]}}