{"id":10195,"date":"2025-03-31T11:23:02","date_gmt":"2025-03-31T11:23:02","guid":{"rendered":"https:\/\/whitelip.com\/iceberg-dragonfire-extreme\/"},"modified":"2026-04-30T10:11:03","modified_gmt":"2026-04-30T10:11:03","slug":"iceberg-dragonfire-extreme","status":"publish","type":"product","link":"https:\/\/whitelip.com\/cs\/iceberg\/iceberg-dragonfire-extreme\/","title":{"rendered":"ICEBERG Dragonfire Extreme"},"content":{"rendered":"<h2><strong>ICEBERG Dragonfire Extreme<\/strong><\/h2>\n<p class=\"\" data-start=\"85\" data-end=\"754\">Nikotinov\u00e9 s\u00e1\u010dky ICEBERG Dragonfire Extreme rozpaluj\u00ed smysly ohnivou a exotickou sm\u011bs\u00ed chut\u00ed s t\u00f3ny tropick\u00e9ho ovoce a jemn\u00fdm ko\u0159en\u011bn\u00fdm n\u00e1dechem pro odv\u00e1\u017en\u00fd a nezapomenuteln\u00fd z\u00e1\u017eitek. Ka\u017ed\u00fd s\u00e1\u010dek tenk\u00e9ho form\u00e1tu obsahuje 50 mg nikotinu na gram - p\u0159ibli\u017en\u011b 35 mg na s\u00e1\u010dek - a je p\u0159izp\u016fsoben zku\u0161en\u00fdm u\u017eivatel\u016fm, kte\u0159\u00ed hledaj\u00ed intenzivn\u00ed a dobrodru\u017en\u00fd nikotinov\u00fd n\u00e1boj. Jsou navr\u017eeny pro diskr\u00e9tn\u00ed pou\u017eit\u00ed pod rty bez zabarven\u00ed zub\u016f a jsou ide\u00e1ln\u00ed pro siln\u00fd po\u017eitek na cest\u00e1ch. Tyto beztab\u00e1kov\u00e9 s\u00e1\u010dky, vyr\u00e1b\u011bn\u00e9 polsk\u00fdm v\u00fdrobcem Neoptolem, kter\u00fd je zn\u00e1m\u00fd spojen\u00edm \u0161pi\u010dkov\u00fdch inovac\u00ed s tradi\u010dn\u00ed kvalitou, p\u0159in\u00e1\u0161ej\u00ed v\u00fdbu\u0161nou chu\u0165 a extr\u00e9mn\u00ed s\u00edlu.<\/p>\n<table>\n<tbody>\n<tr>\n<td><b>Atribut<\/b><\/td>\n<td><b>Podrobnosti na<\/b><\/td>\n<\/tr>\n<tr>\n<td><b>Obsah na plechovku<\/b><\/td>\n<td><span style=\"font-weight: 400;\">13 g (20 s\u00e1\u010dk\u016f)<\/span><\/td>\n<\/tr>\n<tr>\n<td><b>Obsah nikotinu<\/b><\/td>\n<td><span style=\"font-weight: 400;\">50 mg\/g (35 mg na s\u00e1\u010dek)<\/span><\/td>\n<\/tr>\n<tr>\n<td><b>Form\u00e1t pouzdra<\/b><\/td>\n<td><span style=\"font-weight: 400;\">Slim<\/span><\/td>\n<\/tr>\n<tr>\n<td><b>V\u00fdrobce<\/b><\/td>\n<td><span style=\"font-weight: 400;\">Neoptolem<\/span><\/td>\n<\/tr>\n<tr>\n<td><b>P\u0159\u00edchu\u0165<\/b><\/td>\n<td>Ovoce<\/td>\n<\/tr>\n<tr>\n<td><b>Typ<\/b><\/td>\n<td><span style=\"font-weight: 400;\">Celob\u00edl\u00e9 pouzdro<\/span><\/td>\n<\/tr>\n<\/tbody>\n<\/table>\n<p>\u00a0<\/p>","protected":false},"excerpt":{"rendered":"<p>ICEBERG Dragonfire fiery <strong>tropick\u00e9 ovoce<\/strong> s jemn\u00fdm ko\u0159en\u011bn\u00fdm n\u00e1dechem pro v\u00fdraznou a nezapomenutelnou chu\u0165. <strong>Slim<\/strong> celob\u00edl\u00e9 s\u00e1\u010dky se nen\u00e1padn\u011b usad\u00ed pod rty, ani\u017e by je zabarvily. Extr\u00e9mn\u00ed s\u00edla 50 mg\/g; ka\u017ed\u00fd s\u00e1\u010dek obsahuje <strong data-start=\"212\" data-end=\"231\">~35 mg nikotinu<\/strong>. Neobsahuje tab\u00e1k a je ide\u00e1ln\u00ed pro v\u00fdkonn\u00fd po\u017eitek na cest\u00e1ch. Vyr\u00e1b\u00ed Neoptolem v Polsku.<\/p>","protected":false},"featured_media":10196,"comment_status":"open","ping_status":"closed","template":"","format":[206],"meta":{"_acf_changed":false},"product_brand":[],"product_cat":[50],"product_tag":[16603],"flavours":[196],"nicotine":[226,233],"class_list":{"0":"post-10195","1":"product","2":"type-product","3":"status-publish","4":"has-post-thumbnail","6":"product_cat-iceberg","7":"product_tag-35-mg-pouch","8":"pa_quantity-1-pack","9":"pa_quantity-10-pack","10":"pa_quantity-3-pack","11":"pa_quantity-30-pack","12":"pa_quantity-5-pack","13":"pa_quantity-60-pack","14":"flavours-fruits-berries","15":"format-slim","16":"nicotine-50-mg-g","17":"nicotine-extreme","19":"first","20":"instock","21":"taxable","22":"shipping-taxable","23":"purchasable","24":"product-type-variable","25":"has-default-attributes"},"acf":[],"_links":{"self":[{"href":"https:\/\/whitelip.com\/cs\/wp-json\/wp\/v2\/product\/10195","targetHints":{"allow":["GET"]}}],"collection":[{"href":"https:\/\/whitelip.com\/cs\/wp-json\/wp\/v2\/product"}],"about":[{"href":"https:\/\/whitelip.com\/cs\/wp-json\/wp\/v2\/types\/product"}],"replies":[{"embeddable":true,"href":"https:\/\/whitelip.com\/cs\/wp-json\/wp\/v2\/comments?post=10195"}],"wp:featuredmedia":[{"embeddable":true,"href":"https:\/\/whitelip.com\/cs\/wp-json\/wp\/v2\/media\/10196"}],"wp:attachment":[{"href":"https:\/\/whitelip.com\/cs\/wp-json\/wp\/v2\/media?parent=10195"}],"wp:term":[{"taxonomy":"product_brand","embeddable":true,"href":"https:\/\/whitelip.com\/cs\/wp-json\/wp\/v2\/product_brand?post=10195"},{"taxonomy":"product_cat","embeddable":true,"href":"https:\/\/whitelip.com\/cs\/wp-json\/wp\/v2\/product_cat?post=10195"},{"taxonomy":"product_tag","embeddable":true,"href":"https:\/\/whitelip.com\/cs\/wp-json\/wp\/v2\/product_tag?post=10195"},{"taxonomy":"flavours","embeddable":true,"href":"https:\/\/whitelip.com\/cs\/wp-json\/wp\/v2\/flavours?post=10195"},{"taxonomy":"format","embeddable":true,"href":"https:\/\/whitelip.com\/cs\/wp-json\/wp\/v2\/format?post=10195"},{"taxonomy":"nicotine","embeddable":true,"href":"https:\/\/whitelip.com\/cs\/wp-json\/wp\/v2\/nicotine?post=10195"}],"curies":[{"name":"wp","href":"https:\/\/api.w.org\/{rel}","templated":true}]}}