{"id":10190,"date":"2025-03-31T11:18:20","date_gmt":"2025-03-31T11:18:20","guid":{"rendered":"https:\/\/whitelip.com\/iceberg-crazy-mix-extreme\/"},"modified":"2026-05-16T10:10:49","modified_gmt":"2026-05-16T10:10:49","slug":"iceberg-crazy-mix-extreme","status":"publish","type":"product","link":"https:\/\/whitelip.com\/cs\/iceberg\/iceberg-crazy-mix-extreme\/","title":{"rendered":"ICEBERG Crazy Mix Extrem"},"content":{"rendered":"<h2><strong>ICEBERG Crazy Mix Extreme<\/strong><\/h2>\n<p class=\"\" data-start=\"85\" data-end=\"764\">Nikotinov\u00e9 s\u00e1\u010dky ICEBERG Crazy Mix Extreme p\u0159in\u00e1\u0161ej\u00ed divokou a ovocnou kombinaci v\u00fdrazn\u00fdch, sladk\u00fdch a pikantn\u00edch chut\u00ed, kter\u00e1 s ka\u017ed\u00fdm s\u00e1\u010dkem vytv\u00e1\u0159\u00ed jedine\u010dn\u00fd a nep\u0159edv\u00eddateln\u00fd chu\u0165ov\u00fd z\u00e1\u017eitek. Ka\u017ed\u00fd s\u00e1\u010dek tenk\u00e9ho form\u00e1tu obsahuje 50 mg nikotinu na gram - p\u0159ibli\u017en\u011b 35 mg na s\u00e1\u010dek - a je ur\u010den pro zku\u0161en\u00e9 u\u017eivatele, kte\u0159\u00ed hledaj\u00ed siln\u00fd nikotinov\u00fd z\u00e1sah ve spojen\u00ed s \u017eivou p\u0159\u00edchut\u00ed m\u00edchan\u00e9ho ovoce. Jsou navr\u017eeny pro diskr\u00e9tn\u00ed pou\u017eit\u00ed pod rty bez zabarven\u00ed zub\u016f a jsou ide\u00e1ln\u00ed pro po\u017eitek na cest\u00e1ch. Tyto beztab\u00e1kov\u00e9 s\u00e1\u010dky, vyr\u00e1b\u011bn\u00e9 polsk\u00fdm v\u00fdrobcem Neoptolem, kter\u00fd je zn\u00e1m\u00fd spojen\u00edm modern\u00edch inovac\u00ed s tradi\u010dn\u00ed kvalitou, posouvaj\u00ed hranice chuti a z\u00e1rove\u0148 poskytuj\u00ed extr\u00e9mn\u00ed s\u00edlu.<\/p>\n<table>\n<tbody>\n<tr>\n<td><b>Atribut<\/b><\/td>\n<td><b>Podrobnosti na<\/b><\/td>\n<\/tr>\n<tr>\n<td><b>Obsah na plechovku<\/b><\/td>\n<td><span style=\"font-weight: 400;\">13 g (20 s\u00e1\u010dk\u016f)<\/span><\/td>\n<\/tr>\n<tr>\n<td><b>Obsah nikotinu<\/b><\/td>\n<td><span style=\"font-weight: 400;\">50 mg\/g (35 mg na s\u00e1\u010dek)<\/span><\/td>\n<\/tr>\n<tr>\n<td><b>Form\u00e1t pouzdra<\/b><\/td>\n<td><span style=\"font-weight: 400;\">Slim<\/span><\/td>\n<\/tr>\n<tr>\n<td><b>V\u00fdrobce<\/b><\/td>\n<td><span style=\"font-weight: 400;\">Neoptolem<\/span><\/td>\n<\/tr>\n<tr>\n<td><b>P\u0159\u00edchu\u0165<\/b><\/td>\n<td>Ovoce<\/td>\n<\/tr>\n<tr>\n<td><b>Typ<\/b><\/td>\n<td><span style=\"font-weight: 400;\">Celob\u00edl\u00e9 pouzdro<\/span><\/td>\n<\/tr>\n<\/tbody>\n<\/table>\n<p>\u00a0<\/p>","protected":false},"excerpt":{"rendered":"<p>ICEBERG Crazy Mix <strong data-start=\"18\" data-end=\"55\">divok\u00e9 sm\u00ed\u0161en\u00e9 ovoce, <\/strong>sladk\u00e9 a pikantn\u00ed, co\u017e zaru\u010duje jedine\u010dnou a nep\u0159edv\u00eddatelnou chu\u0165. <strong data-start=\"91\" data-end=\"99\">Slim<\/strong> celob\u00edl\u00e9 s\u00e1\u010dky se nen\u00e1padn\u011b usad\u00ed pod rty, ani\u017e by je zabarvily. Extr\u00e9mn\u00ed s\u00edla 50 mg\/g; ka\u017ed\u00fd s\u00e1\u010dek obsahuje <strong data-start=\"211\" data-end=\"230\">~35 mg nikotinu<\/strong>. Neobsahuje tab\u00e1k a je ide\u00e1ln\u00ed na cesty. Vyr\u00e1b\u00ed Neoptolem v Polsku.<\/p>","protected":false},"featured_media":3339,"comment_status":"open","ping_status":"closed","template":"","format":[206],"meta":{"_acf_changed":false},"product_brand":[],"product_cat":[50],"product_tag":[16603],"flavours":[196],"nicotine":[226,233],"class_list":{"0":"post-10190","1":"product","2":"type-product","3":"status-publish","4":"has-post-thumbnail","6":"product_cat-iceberg","7":"product_tag-35-mg-pouch","8":"pa_quantity-1-pack","9":"pa_quantity-10-pack","10":"pa_quantity-3-pack","11":"pa_quantity-30-pack","12":"pa_quantity-5-pack","13":"pa_quantity-60-pack","14":"flavours-fruits-berries","15":"format-slim","16":"nicotine-50-mg-g","17":"nicotine-extreme","19":"first","20":"instock","21":"taxable","22":"shipping-taxable","23":"purchasable","24":"product-type-variable","25":"has-default-attributes"},"acf":[],"_links":{"self":[{"href":"https:\/\/whitelip.com\/cs\/wp-json\/wp\/v2\/product\/10190","targetHints":{"allow":["GET"]}}],"collection":[{"href":"https:\/\/whitelip.com\/cs\/wp-json\/wp\/v2\/product"}],"about":[{"href":"https:\/\/whitelip.com\/cs\/wp-json\/wp\/v2\/types\/product"}],"replies":[{"embeddable":true,"href":"https:\/\/whitelip.com\/cs\/wp-json\/wp\/v2\/comments?post=10190"}],"wp:featuredmedia":[{"embeddable":true,"href":"https:\/\/whitelip.com\/cs\/wp-json\/wp\/v2\/media\/3339"}],"wp:attachment":[{"href":"https:\/\/whitelip.com\/cs\/wp-json\/wp\/v2\/media?parent=10190"}],"wp:term":[{"taxonomy":"product_brand","embeddable":true,"href":"https:\/\/whitelip.com\/cs\/wp-json\/wp\/v2\/product_brand?post=10190"},{"taxonomy":"product_cat","embeddable":true,"href":"https:\/\/whitelip.com\/cs\/wp-json\/wp\/v2\/product_cat?post=10190"},{"taxonomy":"product_tag","embeddable":true,"href":"https:\/\/whitelip.com\/cs\/wp-json\/wp\/v2\/product_tag?post=10190"},{"taxonomy":"flavours","embeddable":true,"href":"https:\/\/whitelip.com\/cs\/wp-json\/wp\/v2\/flavours?post=10190"},{"taxonomy":"format","embeddable":true,"href":"https:\/\/whitelip.com\/cs\/wp-json\/wp\/v2\/format?post=10190"},{"taxonomy":"nicotine","embeddable":true,"href":"https:\/\/whitelip.com\/cs\/wp-json\/wp\/v2\/nicotine?post=10190"}],"curies":[{"name":"wp","href":"https:\/\/api.w.org\/{rel}","templated":true}]}}