{"id":10185,"date":"2025-03-31T11:15:45","date_gmt":"2025-03-31T11:15:45","guid":{"rendered":"https:\/\/whitelip.com\/iceberg-cola-medium\/"},"modified":"2026-04-13T17:32:59","modified_gmt":"2026-04-13T17:32:59","slug":"iceberg-cola-medium","status":"publish","type":"product","link":"https:\/\/whitelip.com\/cs\/iceberg\/iceberg-cola-medium\/","title":{"rendered":"ICEBERG Cola Medium"},"content":{"rendered":"<h2><strong>ICEBERG Cola Medium<\/strong><\/h2>\n<p class=\"\" data-start=\"78\" data-end=\"697\">Nikotinov\u00e9 s\u00e1\u010dky ICEBERG Cola Medium nab\u00edzej\u00ed jemnou a klasickou kolovou p\u0159\u00edchu\u0165 se sladk\u00fdmi perliv\u00fdmi t\u00f3ny, kter\u00e1 p\u0159in\u00e1\u0161\u00ed osv\u011b\u017euj\u00edc\u00ed a nostalgick\u00fd chu\u0165ov\u00fd z\u00e1\u017eitek. D\u00edky st\u0159edn\u00ed s\u00edle nikotinu 20 mg na gram - p\u0159ibli\u017en\u011b 12 mg na s\u00e1\u010dek - jsou tyto tenk\u00e9 s\u00e1\u010dky vhodn\u00e9 pro zku\u0161en\u00e9 u\u017eivatele, kte\u0159\u00ed hledaj\u00ed vyv\u00e1\u017een\u00e9, ale chu\u0165ov\u011b v\u00fdrazn\u00e9 nakopnut\u00ed. Jsou navr\u017eeny pro diskr\u00e9tn\u00ed pou\u017eit\u00ed bez zabarven\u00ed zub\u016f a jsou ide\u00e1ln\u00ed pro pohodln\u00e9 u\u017e\u00edv\u00e1n\u00ed na cest\u00e1ch. Tyto beztab\u00e1kov\u00e9 s\u00e1\u010dky, vyr\u00e1b\u011bn\u00e9 polsk\u00fdm v\u00fdrobcem Neoptolem, kter\u00fd je zn\u00e1m\u00fd spojen\u00edm modern\u00edch postup\u016f s tradi\u010dn\u00ed kvalitou, poskytuj\u00ed spolehlivou s\u00edlu a nad\u010dasovou chu\u0165.<\/p>\n<table>\n<tbody>\n<tr>\n<td><b>Atribut<\/b><\/td>\n<td><b>Podrobnosti na<\/b><\/td>\n<\/tr>\n<tr>\n<td><b>Obsah na plechovku<\/b><\/td>\n<td><span style=\"font-weight: 400;\">12 g (20 s\u00e1\u010dk\u016f)<\/span><\/td>\n<\/tr>\n<tr>\n<td><b>Obsah nikotinu<\/b><\/td>\n<td><span style=\"font-weight: 400;\">20 mg\/g (12 mg na s\u00e1\u010dek)<\/span><\/td>\n<\/tr>\n<tr>\n<td><b>Form\u00e1t pouzdra<\/b><\/td>\n<td><span style=\"font-weight: 400;\">Slim<\/span><\/td>\n<\/tr>\n<tr>\n<td><b>V\u00fdrobce<\/b><\/td>\n<td><span style=\"font-weight: 400;\">Neoptolem<\/span><\/td>\n<\/tr>\n<tr>\n<td><b>P\u0159\u00edchu\u0165<\/b><\/td>\n<td>Cola<\/td>\n<\/tr>\n<tr>\n<td><b>Typ<\/b><\/td>\n<td><span style=\"font-weight: 400;\">Celob\u00edl\u00e9 pouzdro<\/span><\/td>\n<\/tr>\n<\/tbody>\n<\/table>\n<p>\u00a0<\/p>","protected":false},"excerpt":{"rendered":"<p>ICEBERG Cola nab\u00edz\u00ed hladkou klasiku <strong data-start=\"135\" data-end=\"143\">cola<\/strong> chu\u0165 se sladk\u00fdmi perliv\u00fdmi t\u00f3ny, kter\u00e9 vytv\u00e1\u0159ej\u00ed osv\u011b\u017euj\u00edc\u00ed, nostalgick\u00fd profil. <strong data-start=\"211\" data-end=\"219\">Slim<\/strong> celob\u00edl\u00e9 s\u00e1\u010dky se nen\u00e1padn\u011b usad\u00ed pod rty, ani\u017e by je zabarvily. Ka\u017ed\u00fd s\u00e1\u010dek obsahuje <strong data-start=\"305\" data-end=\"323\">12 mg nikotinu<\/strong>, \u010d\u00edm\u017e se dos\u00e1hne vyv\u00e1\u017een\u00e9ho kopu. Bez tab\u00e1ku. Vyr\u00e1b\u00ed Neoptolem v Polsku.<\/p>","protected":false},"featured_media":10186,"comment_status":"open","ping_status":"closed","template":"","format":[206],"meta":{"_acf_changed":false},"product_brand":[],"product_cat":[50],"product_tag":[16561],"flavours":[193],"nicotine":[218,232],"class_list":{"0":"post-10185","1":"product","2":"type-product","3":"status-publish","4":"has-post-thumbnail","6":"product_cat-iceberg","7":"product_tag-12-mg-pouch","8":"pa_quantity-1-pack","9":"pa_quantity-10-pack","10":"pa_quantity-3-pack","11":"pa_quantity-30-pack","12":"pa_quantity-5-pack","13":"pa_quantity-60-pack","14":"flavours-cola","15":"format-slim","16":"nicotine-20-mg-g","17":"nicotine-extra-strong","19":"first","20":"outofstock","21":"taxable","22":"shipping-taxable","23":"purchasable","24":"product-type-variable","25":"has-default-attributes"},"acf":[],"_links":{"self":[{"href":"https:\/\/whitelip.com\/cs\/wp-json\/wp\/v2\/product\/10185","targetHints":{"allow":["GET"]}}],"collection":[{"href":"https:\/\/whitelip.com\/cs\/wp-json\/wp\/v2\/product"}],"about":[{"href":"https:\/\/whitelip.com\/cs\/wp-json\/wp\/v2\/types\/product"}],"replies":[{"embeddable":true,"href":"https:\/\/whitelip.com\/cs\/wp-json\/wp\/v2\/comments?post=10185"}],"wp:featuredmedia":[{"embeddable":true,"href":"https:\/\/whitelip.com\/cs\/wp-json\/wp\/v2\/media\/10186"}],"wp:attachment":[{"href":"https:\/\/whitelip.com\/cs\/wp-json\/wp\/v2\/media?parent=10185"}],"wp:term":[{"taxonomy":"product_brand","embeddable":true,"href":"https:\/\/whitelip.com\/cs\/wp-json\/wp\/v2\/product_brand?post=10185"},{"taxonomy":"product_cat","embeddable":true,"href":"https:\/\/whitelip.com\/cs\/wp-json\/wp\/v2\/product_cat?post=10185"},{"taxonomy":"product_tag","embeddable":true,"href":"https:\/\/whitelip.com\/cs\/wp-json\/wp\/v2\/product_tag?post=10185"},{"taxonomy":"flavours","embeddable":true,"href":"https:\/\/whitelip.com\/cs\/wp-json\/wp\/v2\/flavours?post=10185"},{"taxonomy":"format","embeddable":true,"href":"https:\/\/whitelip.com\/cs\/wp-json\/wp\/v2\/format?post=10185"},{"taxonomy":"nicotine","embeddable":true,"href":"https:\/\/whitelip.com\/cs\/wp-json\/wp\/v2\/nicotine?post=10185"}],"curies":[{"name":"wp","href":"https:\/\/api.w.org\/{rel}","templated":true}]}}