{"id":10155,"date":"2025-03-31T10:55:23","date_gmt":"2025-03-31T10:55:23","guid":{"rendered":"https:\/\/whitelip.com\/iceberg-cherry-extreme\/"},"modified":"2026-04-13T17:32:59","modified_gmt":"2026-04-13T17:32:59","slug":"iceberg-cherry-extreme","status":"publish","type":"product","link":"https:\/\/whitelip.com\/cs\/iceberg\/iceberg-cherry-extreme\/","title":{"rendered":"ICEBERG Cherry Extreme"},"content":{"rendered":"<h2><strong>ICEBERG Cherry Extreme<\/strong><\/h2>\n<p class=\"\" data-start=\"80\" data-end=\"707\">Nikotinov\u00e9 s\u00e1\u010dky ICEBERG Cherry Extreme p\u0159in\u00e1\u0161ej\u00ed v\u00fdraznou a \u0161\u0165avnatou t\u0159e\u0161\u0148ovou p\u0159\u00edchu\u0165 se sladk\u00fdm, ale lehce trpk\u00fdm profilem, kter\u00e1 nab\u00edz\u00ed bohat\u00fd a ovocn\u00fd z\u00e1\u017eitek. Ka\u017ed\u00fd s\u00e1\u010dek tenk\u00e9ho form\u00e1tu obsahuje 50 mg nikotinu na gram - p\u0159ibli\u017en\u011b 35 mg na s\u00e1\u010dek, co\u017e je ide\u00e1ln\u00ed pro zku\u0161en\u00e9 u\u017eivatele, kte\u0159\u00ed hledaj\u00ed siln\u00fd a aromatick\u00fd nikotinov\u00fd hit. Jsou navr\u017eeny pro diskr\u00e9tn\u00ed pou\u017eit\u00ed pod rty bez zabarven\u00ed zub\u016f a jsou ide\u00e1ln\u00ed pro chv\u00edle na cest\u00e1ch. Tyto beztab\u00e1kov\u00e9 s\u00e1\u010dky, kter\u00e9 vyr\u00e1b\u00ed polsk\u00fd v\u00fdrobce Neoptolem, zn\u00e1m\u00fd kombinac\u00ed modern\u00edch inovac\u00ed s tradi\u010dn\u00edm \u0159emesln\u00fdm zpracov\u00e1n\u00edm, se vyzna\u010duj\u00ed intenzivn\u00ed chut\u00ed a prvot\u0159\u00eddn\u00ed kvalitou.<\/p>\n<table>\n<tbody>\n<tr>\n<td><b>Atribut<\/b><\/td>\n<td><b>Podrobnosti na<\/b><\/td>\n<\/tr>\n<tr>\n<td><b>Obsah na plechovku<\/b><\/td>\n<td><span style=\"font-weight: 400;\">13 g (20 s\u00e1\u010dk\u016f)<\/span><\/td>\n<\/tr>\n<tr>\n<td><b>Obsah nikotinu<\/b><\/td>\n<td><span style=\"font-weight: 400;\">50 mg\/g (35 mg na s\u00e1\u010dek)<\/span><\/td>\n<\/tr>\n<tr>\n<td><b>Form\u00e1t pouzdra<\/b><\/td>\n<td><span style=\"font-weight: 400;\">Slim<\/span><\/td>\n<\/tr>\n<tr>\n<td><b>V\u00fdrobce<\/b><\/td>\n<td><span style=\"font-weight: 400;\">Neoptolem<\/span><\/td>\n<\/tr>\n<tr>\n<td><b>P\u0159\u00edchu\u0165<\/b><\/td>\n<td>Cherry<\/td>\n<\/tr>\n<tr>\n<td><b>Typ<\/b><\/td>\n<td><span style=\"font-weight: 400;\">Celob\u00edl\u00e9 pouzdro<\/span><\/td>\n<\/tr>\n<\/tbody>\n<\/table>\n<p>\u00a0<\/p>","protected":false},"excerpt":{"rendered":"<p>ICEBERG Cherry p\u0159in\u00e1\u0161\u00ed v\u00fdraznou, \u0161\u0165avnatou chu\u0165. <strong data-start=\"38\" data-end=\"48\">cherry<\/strong> chu\u0165 se sladk\u00fdm, lehce trpk\u00fdm profilem pro bohat\u00fd ovocn\u00fd z\u00e1\u017eitek. <strong data-start=\"123\" data-end=\"131\">Slim<\/strong> celob\u00edl\u00e9 s\u00e1\u010dky se nen\u00e1padn\u011b usad\u00ed pod rty, ani\u017e by je zabarvily. Ka\u017ed\u00fd s\u00e1\u010dek obsahuje <strong data-start=\"217\" data-end=\"235\">35 mg nikotinu<\/strong>, ide\u00e1ln\u00ed pro zku\u0161en\u00e9 u\u017eivatele, kte\u0159\u00ed hledaj\u00ed siln\u00fd, aromatick\u00fd z\u00e1sah. Bez tab\u00e1ku. Vyrobeno spole\u010dnost\u00ed Neoptolem v Polsku.<\/p>","protected":false},"featured_media":10156,"comment_status":"open","ping_status":"closed","template":"","format":[206],"meta":{"_acf_changed":false},"product_brand":[],"product_cat":[50],"product_tag":[16603],"flavours":[196],"nicotine":[226,233],"class_list":{"0":"post-10155","1":"product","2":"type-product","3":"status-publish","4":"has-post-thumbnail","6":"product_cat-iceberg","7":"product_tag-35-mg-pouch","8":"pa_quantity-1-pack","9":"pa_quantity-10-pack","10":"pa_quantity-3-pack","11":"pa_quantity-30-pack","12":"pa_quantity-5-pack","13":"pa_quantity-60-pack","14":"flavours-fruits-berries","15":"format-slim","16":"nicotine-50-mg-g","17":"nicotine-extreme","19":"first","20":"instock","21":"taxable","22":"shipping-taxable","23":"purchasable","24":"product-type-variable","25":"has-default-attributes"},"acf":[],"_links":{"self":[{"href":"https:\/\/whitelip.com\/cs\/wp-json\/wp\/v2\/product\/10155","targetHints":{"allow":["GET"]}}],"collection":[{"href":"https:\/\/whitelip.com\/cs\/wp-json\/wp\/v2\/product"}],"about":[{"href":"https:\/\/whitelip.com\/cs\/wp-json\/wp\/v2\/types\/product"}],"replies":[{"embeddable":true,"href":"https:\/\/whitelip.com\/cs\/wp-json\/wp\/v2\/comments?post=10155"}],"wp:featuredmedia":[{"embeddable":true,"href":"https:\/\/whitelip.com\/cs\/wp-json\/wp\/v2\/media\/10156"}],"wp:attachment":[{"href":"https:\/\/whitelip.com\/cs\/wp-json\/wp\/v2\/media?parent=10155"}],"wp:term":[{"taxonomy":"product_brand","embeddable":true,"href":"https:\/\/whitelip.com\/cs\/wp-json\/wp\/v2\/product_brand?post=10155"},{"taxonomy":"product_cat","embeddable":true,"href":"https:\/\/whitelip.com\/cs\/wp-json\/wp\/v2\/product_cat?post=10155"},{"taxonomy":"product_tag","embeddable":true,"href":"https:\/\/whitelip.com\/cs\/wp-json\/wp\/v2\/product_tag?post=10155"},{"taxonomy":"flavours","embeddable":true,"href":"https:\/\/whitelip.com\/cs\/wp-json\/wp\/v2\/flavours?post=10155"},{"taxonomy":"format","embeddable":true,"href":"https:\/\/whitelip.com\/cs\/wp-json\/wp\/v2\/format?post=10155"},{"taxonomy":"nicotine","embeddable":true,"href":"https:\/\/whitelip.com\/cs\/wp-json\/wp\/v2\/nicotine?post=10155"}],"curies":[{"name":"wp","href":"https:\/\/api.w.org\/{rel}","templated":true}]}}