{"id":10150,"date":"2025-03-31T09:46:12","date_gmt":"2025-03-31T09:46:12","guid":{"rendered":"https:\/\/whitelip.com\/iceberg-black-currant-medium\/"},"modified":"2026-04-13T17:32:59","modified_gmt":"2026-04-13T17:32:59","slug":"iceberg-black-currant-medium","status":"publish","type":"product","link":"https:\/\/whitelip.com\/cs\/iceberg\/iceberg-black-currant-medium\/","title":{"rendered":"ICEBERG Black Currant Medium"},"content":{"rendered":"<h2><strong>ICEBERG Black Currant Medium<\/strong><\/h2>\n<p class=\"\" data-start=\"85\" data-end=\"743\">Nikotinov\u00e9 s\u00e1\u010dky ICEBERG Black Currant Medium nab\u00edzej\u00ed bohatou a pikantn\u00ed p\u0159\u00edchu\u0165 \u010dern\u00e9ho ryb\u00edzu, kter\u00e1 p\u0159in\u00e1\u0161\u00ed hlubok\u00e9 t\u00f3ny lesn\u00edch plod\u016f s lehce trpk\u00fdm n\u00e1dechem a p\u0159in\u00e1\u0161\u00ed osv\u011b\u017euj\u00edc\u00ed a uspokojiv\u00fd z\u00e1\u017eitek. D\u00edky st\u0159edn\u00ed s\u00edle nikotinu 20 mg na gram - p\u0159ibli\u017en\u011b 12 mg na s\u00e1\u010dek - jsou tyto tenk\u00e9 s\u00e1\u010dky ide\u00e1ln\u00ed pro zku\u0161en\u00e9 u\u017eivatele, kte\u0159\u00ed hledaj\u00ed vyv\u00e1\u017een\u00fd, ale chu\u0165ov\u011b v\u00fdrazn\u00fd n\u00e1boj. Jsou navr\u017eeny pro diskr\u00e9tn\u00ed pou\u017eit\u00ed bez zabarven\u00ed zub\u016f a jsou ide\u00e1ln\u00ed pro ka\u017edodenn\u00ed po\u017eitek na cest\u00e1ch. Tyto beztab\u00e1kov\u00e9 s\u00e1\u010dky, vyr\u00e1b\u011bn\u00e9 polsk\u00fdm v\u00fdrobcem Neoptolem, kter\u00fd je proslul\u00fd spojen\u00edm modern\u00edch technik s tradi\u010dn\u00ed kvalitou, vynikaj\u00ed v\u00fdraznou chut\u00ed a konzistentn\u00edm v\u00fdkonem.<\/p>\n<table>\n<tbody>\n<tr>\n<td><b>Atribut<\/b><\/td>\n<td><b>Podrobnosti na<\/b><\/td>\n<\/tr>\n<tr>\n<td><b>Obsah na plechovku<\/b><\/td>\n<td><span style=\"font-weight: 400;\">12 g (20 s\u00e1\u010dk\u016f)<\/span><\/td>\n<\/tr>\n<tr>\n<td><b>Obsah nikotinu<\/b><\/td>\n<td><span style=\"font-weight: 400;\">20 mg\/g (12 mg na s\u00e1\u010dek)<\/span><\/td>\n<\/tr>\n<tr>\n<td><b>Form\u00e1t pouzdra<\/b><\/td>\n<td><span style=\"font-weight: 400;\">Slim<\/span><\/td>\n<\/tr>\n<tr>\n<td><b>V\u00fdrobce<\/b><\/td>\n<td><span style=\"font-weight: 400;\">Neoptolem<\/span><\/td>\n<\/tr>\n<tr>\n<td><b>P\u0159\u00edchu\u0165<\/b><\/td>\n<td>\u010cern\u00fd ryb\u00edz<\/td>\n<\/tr>\n<tr>\n<td><b>Typ<\/b><\/td>\n<td><span style=\"font-weight: 400;\">Celob\u00edl\u00e9 pouzdro<\/span><\/td>\n<\/tr>\n<\/tbody>\n<\/table>","protected":false},"excerpt":{"rendered":"<p>ICEBERG \u010cern\u00fd ryb\u00edz nab\u00edz\u00ed bohatou, pikantn\u00ed chu\u0165. <strong data-start=\"43\" data-end=\"60\">\u010dern\u00fd ryb\u00edz<\/strong> chu\u0165 s hlubok\u00fdmi t\u00f3ny bobulov\u00e9ho ovoce a lehce trpk\u00fdm okrajem. <strong data-start=\"116\" data-end=\"124\">Slim<\/strong> celob\u00edl\u00e9 s\u00e1\u010dky se nen\u00e1padn\u011b usad\u00ed pod rty, ani\u017e by je zabarvily. Ka\u017ed\u00fd s\u00e1\u010dek obsahuje <strong data-start=\"210\" data-end=\"228\">12 mg nikotinu<\/strong>, a poskytuje vyv\u00e1\u017een\u00fd, uspokojiv\u00fd kopanec. Bez tab\u00e1ku. Vyr\u00e1b\u00ed Neoptolem v Polsku.<\/p>","protected":false},"featured_media":10151,"comment_status":"open","ping_status":"closed","template":"","format":[206],"meta":{"_acf_changed":false},"product_brand":[],"product_cat":[50],"product_tag":[16561],"flavours":[196],"nicotine":[218,232],"class_list":{"0":"post-10150","1":"product","2":"type-product","3":"status-publish","4":"has-post-thumbnail","6":"product_cat-iceberg","7":"product_tag-12-mg-pouch","8":"pa_quantity-1-pack","9":"pa_quantity-10-pack","10":"pa_quantity-3-pack","11":"pa_quantity-30-pack","12":"pa_quantity-5-pack","13":"pa_quantity-60-pack","14":"flavours-fruits-berries","15":"format-slim","16":"nicotine-20-mg-g","17":"nicotine-extra-strong","19":"first","20":"instock","21":"taxable","22":"shipping-taxable","23":"purchasable","24":"product-type-variable"},"acf":[],"_links":{"self":[{"href":"https:\/\/whitelip.com\/cs\/wp-json\/wp\/v2\/product\/10150","targetHints":{"allow":["GET"]}}],"collection":[{"href":"https:\/\/whitelip.com\/cs\/wp-json\/wp\/v2\/product"}],"about":[{"href":"https:\/\/whitelip.com\/cs\/wp-json\/wp\/v2\/types\/product"}],"replies":[{"embeddable":true,"href":"https:\/\/whitelip.com\/cs\/wp-json\/wp\/v2\/comments?post=10150"}],"wp:featuredmedia":[{"embeddable":true,"href":"https:\/\/whitelip.com\/cs\/wp-json\/wp\/v2\/media\/10151"}],"wp:attachment":[{"href":"https:\/\/whitelip.com\/cs\/wp-json\/wp\/v2\/media?parent=10150"}],"wp:term":[{"taxonomy":"product_brand","embeddable":true,"href":"https:\/\/whitelip.com\/cs\/wp-json\/wp\/v2\/product_brand?post=10150"},{"taxonomy":"product_cat","embeddable":true,"href":"https:\/\/whitelip.com\/cs\/wp-json\/wp\/v2\/product_cat?post=10150"},{"taxonomy":"product_tag","embeddable":true,"href":"https:\/\/whitelip.com\/cs\/wp-json\/wp\/v2\/product_tag?post=10150"},{"taxonomy":"flavours","embeddable":true,"href":"https:\/\/whitelip.com\/cs\/wp-json\/wp\/v2\/flavours?post=10150"},{"taxonomy":"format","embeddable":true,"href":"https:\/\/whitelip.com\/cs\/wp-json\/wp\/v2\/format?post=10150"},{"taxonomy":"nicotine","embeddable":true,"href":"https:\/\/whitelip.com\/cs\/wp-json\/wp\/v2\/nicotine?post=10150"}],"curies":[{"name":"wp","href":"https:\/\/api.w.org\/{rel}","templated":true}]}}