{"id":10145,"date":"2025-03-31T09:43:56","date_gmt":"2025-03-31T09:43:56","guid":{"rendered":"https:\/\/whitelip.com\/iceberg-black-currant-extreme\/"},"modified":"2026-04-29T10:11:14","modified_gmt":"2026-04-29T10:11:14","slug":"iceberg-black-currant-extreme","status":"publish","type":"product","link":"https:\/\/whitelip.com\/cs\/iceberg\/iceberg-black-currant-extreme\/","title":{"rendered":"ICEBERG Black Currant Extreme"},"content":{"rendered":"<h2><strong>ICEBERG Black Currant Extreme<\/strong><\/h2>\n<p class=\"\" data-start=\"86\" data-end=\"720\">Nikotinov\u00e9 s\u00e1\u010dky ICEBERG Black Currant Extreme p\u0159in\u00e1\u0161ej\u00ed v\u00fdraznou a pikantn\u00ed p\u0159\u00edchu\u0165 \u010dern\u00e9ho ryb\u00edzu s hlubok\u00fdmi ovocn\u00fdmi t\u00f3ny a lehce trpk\u00fdm z\u00e1v\u011brem. S vysok\u00fdm obsahem nikotinu 50 mg na gram - p\u0159ibli\u017en\u011b 35 mg na s\u00e1\u010dek - jsou tyto tenk\u00e9 s\u00e1\u010dky p\u0159izp\u016fsobeny zku\u0161en\u00fdm u\u017eivatel\u016fm, kte\u0159\u00ed hledaj\u00ed intenzivn\u00ed a chu\u0165ov\u011b v\u00fdrazn\u00fd nikotinov\u00fd z\u00e1\u017eitek. Jsou navr\u017eeny pro diskr\u00e9tn\u00ed pou\u017eit\u00ed pod rty a ne\u0161pin\u00ed zuby, tak\u017ee jsou ide\u00e1ln\u00ed pro chv\u00edle na cest\u00e1ch. Tyto beztab\u00e1kov\u00e9 s\u00e1\u010dky, kter\u00e9 vyr\u00e1b\u00ed polsk\u00fd v\u00fdrobce Neoptolem, zn\u00e1m\u00fd spojen\u00edm modern\u00edch inovac\u00ed s tradi\u010dn\u00ed kvalitou, vynikaj\u00ed bohatou chut\u00ed a siln\u00fdm nakopnut\u00edm.<\/p>\n<table>\n<tbody>\n<tr>\n<td><b>Atribut<\/b><\/td>\n<td><b>Podrobnosti na<\/b><\/td>\n<\/tr>\n<tr>\n<td><b>Obsah na plechovku<\/b><\/td>\n<td><span style=\"font-weight: 400;\">13 g (20 s\u00e1\u010dk\u016f)<\/span><\/td>\n<\/tr>\n<tr>\n<td><b>Obsah nikotinu<\/b><\/td>\n<td><span style=\"font-weight: 400;\">50 mg\/g (35 mg na s\u00e1\u010dek)<\/span><\/td>\n<\/tr>\n<tr>\n<td><b>Form\u00e1t pouzdra<\/b><\/td>\n<td><span style=\"font-weight: 400;\">Slim<\/span><\/td>\n<\/tr>\n<tr>\n<td><b>V\u00fdrobce<\/b><\/td>\n<td><span style=\"font-weight: 400;\">Neoptolem<\/span><\/td>\n<\/tr>\n<tr>\n<td><b>P\u0159\u00edchu\u0165<\/b><\/td>\n<td>\u010cern\u00fd ryb\u00edz<\/td>\n<\/tr>\n<tr>\n<td><b>Typ<\/b><\/td>\n<td><span style=\"font-weight: 400;\">Celob\u00edl\u00e9 pouzdro<\/span><\/td>\n<\/tr>\n<\/tbody>\n<\/table>\n<p>\u00a0<\/p>","protected":false},"excerpt":{"rendered":"<p>ICEBERG \u010cern\u00fd ryb\u00edz p\u0159in\u00e1\u0161\u00ed v\u00fdraznou, pikantn\u00ed chu\u0165. <strong data-start=\"45\" data-end=\"62\">\u010dern\u00fd ryb\u00edz<\/strong> chu\u0165 s hlubok\u00fdmi ovocn\u00fdmi t\u00f3ny a lehce trpk\u00fdm z\u00e1v\u011brem. <strong data-start=\"121\" data-end=\"129\">Slim<\/strong> celob\u00edl\u00e9 s\u00e1\u010dky se nen\u00e1padn\u011b usad\u00ed pod rty, ani\u017e by je zabarvily. Ka\u017ed\u00fd s\u00e1\u010dek obsahuje <strong data-start=\"215\" data-end=\"233\">35 mg nikotinu<\/strong>, a nab\u00edz\u00ed intenzivn\u00ed chu\u0165ov\u00fd z\u00e1\u017eitek. Bez tab\u00e1ku. Vyr\u00e1b\u00ed Neoptolem v Polsku.<\/p>","protected":false},"featured_media":10146,"comment_status":"open","ping_status":"closed","template":"","format":[206],"meta":{"_acf_changed":false},"product_brand":[],"product_cat":[50],"product_tag":[16603],"flavours":[196],"nicotine":[226,233],"class_list":{"0":"post-10145","1":"product","2":"type-product","3":"status-publish","4":"has-post-thumbnail","6":"product_cat-iceberg","7":"product_tag-35-mg-pouch","8":"pa_quantity-1-pack","9":"pa_quantity-10-pack","10":"pa_quantity-3-pack","11":"pa_quantity-30-pack","12":"pa_quantity-5-pack","13":"pa_quantity-60-pack","14":"flavours-fruits-berries","15":"format-slim","16":"nicotine-50-mg-g","17":"nicotine-extreme","19":"first","20":"instock","21":"taxable","22":"shipping-taxable","23":"purchasable","24":"product-type-variable","25":"has-default-attributes"},"acf":[],"_links":{"self":[{"href":"https:\/\/whitelip.com\/cs\/wp-json\/wp\/v2\/product\/10145","targetHints":{"allow":["GET"]}}],"collection":[{"href":"https:\/\/whitelip.com\/cs\/wp-json\/wp\/v2\/product"}],"about":[{"href":"https:\/\/whitelip.com\/cs\/wp-json\/wp\/v2\/types\/product"}],"replies":[{"embeddable":true,"href":"https:\/\/whitelip.com\/cs\/wp-json\/wp\/v2\/comments?post=10145"}],"wp:featuredmedia":[{"embeddable":true,"href":"https:\/\/whitelip.com\/cs\/wp-json\/wp\/v2\/media\/10146"}],"wp:attachment":[{"href":"https:\/\/whitelip.com\/cs\/wp-json\/wp\/v2\/media?parent=10145"}],"wp:term":[{"taxonomy":"product_brand","embeddable":true,"href":"https:\/\/whitelip.com\/cs\/wp-json\/wp\/v2\/product_brand?post=10145"},{"taxonomy":"product_cat","embeddable":true,"href":"https:\/\/whitelip.com\/cs\/wp-json\/wp\/v2\/product_cat?post=10145"},{"taxonomy":"product_tag","embeddable":true,"href":"https:\/\/whitelip.com\/cs\/wp-json\/wp\/v2\/product_tag?post=10145"},{"taxonomy":"flavours","embeddable":true,"href":"https:\/\/whitelip.com\/cs\/wp-json\/wp\/v2\/flavours?post=10145"},{"taxonomy":"format","embeddable":true,"href":"https:\/\/whitelip.com\/cs\/wp-json\/wp\/v2\/format?post=10145"},{"taxonomy":"nicotine","embeddable":true,"href":"https:\/\/whitelip.com\/cs\/wp-json\/wp\/v2\/nicotine?post=10145"}],"curies":[{"name":"wp","href":"https:\/\/api.w.org\/{rel}","templated":true}]}}