{"id":10140,"date":"2025-03-31T09:39:32","date_gmt":"2025-03-31T09:39:32","guid":{"rendered":"https:\/\/whitelip.com\/iceberg-berries-medium\/"},"modified":"2026-04-13T17:32:59","modified_gmt":"2026-04-13T17:32:59","slug":"iceberg-berries-medium","status":"publish","type":"product","link":"https:\/\/whitelip.com\/cs\/iceberg\/iceberg-berries-medium\/","title":{"rendered":"ICEBERG Berries Medium"},"content":{"rendered":"<h2><strong>ICEBERG Berries Medium<\/strong><\/h2>\n<p class=\"\" data-start=\"82\" data-end=\"724\">S\u00e1\u010dky ICEBERG Berries Medium s nikotinem nab\u00edzej\u00ed \u017eivou a \u0161\u0165avnatou sm\u011bs sm\u00ed\u0161en\u00fdch bobulov\u00fdch p\u0159\u00edchut\u00ed, kter\u00e1 je sladk\u00e1, ale z\u00e1rove\u0148 lehce pikantn\u00ed a oslov\u00ed milovn\u00edky ovoce. D\u00edky st\u0159edn\u00ed s\u00edle nikotinu 20 mg na gram - p\u0159ibli\u017en\u011b 12 mg na s\u00e1\u010dek - jsou tyto tenk\u00e9 s\u00e1\u010dky vhodn\u00e9 pro zku\u0161en\u00e9 u\u017eivatele, kte\u0159\u00ed hledaj\u00ed chu\u0165ov\u011b vyv\u00e1\u017een\u00e9, ale p\u0159esto p\u0159\u00edjemn\u00e9 po\u017eitky. Jsou navr\u017eeny pro diskr\u00e9tn\u00ed pou\u017eit\u00ed bez zabarven\u00ed zub\u016f a jsou ide\u00e1ln\u00ed pro ka\u017edodenn\u00ed po\u017eitek. Tyto beztab\u00e1kov\u00e9 s\u00e1\u010dky, kter\u00e9 vyr\u00e1b\u00ed polsk\u00fd v\u00fdrobce Neoptolem, zn\u00e1m\u00fd kombinac\u00ed modern\u00edch technik s tradi\u010dn\u00ed kvalitou, p\u0159edstavuj\u00ed prvot\u0159\u00eddn\u00ed \u0159emesln\u00e9 zpracov\u00e1n\u00ed a odv\u00e1\u017enou chu\u0165ovou inovaci.<\/p>\n<table>\n<tbody>\n<tr>\n<td><b>Atribut<\/b><\/td>\n<td><b>Podrobnosti na<\/b><\/td>\n<\/tr>\n<tr>\n<td><b>Obsah na plechovku<\/b><\/td>\n<td><span style=\"font-weight: 400;\">12 g (20 s\u00e1\u010dk\u016f)<\/span><\/td>\n<\/tr>\n<tr>\n<td><b>Obsah nikotinu<\/b><\/td>\n<td><span style=\"font-weight: 400;\">20 mg\/g (12 mg na s\u00e1\u010dek)<\/span><\/td>\n<\/tr>\n<tr>\n<td><b>Form\u00e1t pouzdra<\/b><\/td>\n<td><span style=\"font-weight: 400;\">Slim<\/span><\/td>\n<\/tr>\n<tr>\n<td><b>V\u00fdrobce<\/b><\/td>\n<td><span style=\"font-weight: 400;\">Neoptolem<\/span><\/td>\n<\/tr>\n<tr>\n<td><b>P\u0159\u00edchu\u0165<\/b><\/td>\n<td><span style=\"font-weight: 400;\">Bobule<\/span><\/td>\n<\/tr>\n<tr>\n<td><b>Typ<\/b><\/td>\n<td><span style=\"font-weight: 400;\">Celob\u00edl\u00e9 pouzdro<\/span><\/td>\n<\/tr>\n<\/tbody>\n<\/table>\n<p>\u00a0<\/p>","protected":false},"excerpt":{"rendered":"<p>ICEBERG Berries nab\u00edz\u00ed \u017eiv\u00e9, \u0161\u0165avnat\u00e9 ovoce. <strong data-start=\"40\" data-end=\"51\">bobule<\/strong> sm\u011bs se sladk\u00fdmi, lehce pikantn\u00edmi t\u00f3ny. <strong data-start=\"92\" data-end=\"100\">Slim<\/strong> celob\u00edl\u00e9 s\u00e1\u010dky se nen\u00e1padn\u011b usad\u00ed pod rty, ani\u017e by je zabarvily. Ka\u017ed\u00fd s\u00e1\u010dek obsahuje <strong data-start=\"186\" data-end=\"204\">12 mg nikotinu<\/strong>, kter\u00e9 dod\u00e1vaj\u00ed chu\u0165ov\u011b vyv\u00e1\u017een\u00fd n\u00e1boj. Bez tab\u00e1ku. Vyr\u00e1b\u00ed Neoptolem v Polsku.<\/p>","protected":false},"featured_media":10141,"comment_status":"open","ping_status":"closed","template":"","format":[206],"meta":{"_acf_changed":false},"product_brand":[],"product_cat":[50],"product_tag":[16561],"flavours":[196],"nicotine":[218,232],"class_list":{"0":"post-10140","1":"product","2":"type-product","3":"status-publish","4":"has-post-thumbnail","6":"product_cat-iceberg","7":"product_tag-12-mg-pouch","8":"pa_quantity-1-pack","9":"pa_quantity-10-pack","10":"pa_quantity-3-pack","11":"pa_quantity-30-pack","12":"pa_quantity-5-pack","13":"pa_quantity-60-pack","14":"flavours-fruits-berries","15":"format-slim","16":"nicotine-20-mg-g","17":"nicotine-extra-strong","19":"first","20":"outofstock","21":"taxable","22":"shipping-taxable","23":"purchasable","24":"product-type-variable","25":"has-default-attributes"},"acf":[],"_links":{"self":[{"href":"https:\/\/whitelip.com\/cs\/wp-json\/wp\/v2\/product\/10140","targetHints":{"allow":["GET"]}}],"collection":[{"href":"https:\/\/whitelip.com\/cs\/wp-json\/wp\/v2\/product"}],"about":[{"href":"https:\/\/whitelip.com\/cs\/wp-json\/wp\/v2\/types\/product"}],"replies":[{"embeddable":true,"href":"https:\/\/whitelip.com\/cs\/wp-json\/wp\/v2\/comments?post=10140"}],"wp:featuredmedia":[{"embeddable":true,"href":"https:\/\/whitelip.com\/cs\/wp-json\/wp\/v2\/media\/10141"}],"wp:attachment":[{"href":"https:\/\/whitelip.com\/cs\/wp-json\/wp\/v2\/media?parent=10140"}],"wp:term":[{"taxonomy":"product_brand","embeddable":true,"href":"https:\/\/whitelip.com\/cs\/wp-json\/wp\/v2\/product_brand?post=10140"},{"taxonomy":"product_cat","embeddable":true,"href":"https:\/\/whitelip.com\/cs\/wp-json\/wp\/v2\/product_cat?post=10140"},{"taxonomy":"product_tag","embeddable":true,"href":"https:\/\/whitelip.com\/cs\/wp-json\/wp\/v2\/product_tag?post=10140"},{"taxonomy":"flavours","embeddable":true,"href":"https:\/\/whitelip.com\/cs\/wp-json\/wp\/v2\/flavours?post=10140"},{"taxonomy":"format","embeddable":true,"href":"https:\/\/whitelip.com\/cs\/wp-json\/wp\/v2\/format?post=10140"},{"taxonomy":"nicotine","embeddable":true,"href":"https:\/\/whitelip.com\/cs\/wp-json\/wp\/v2\/nicotine?post=10140"}],"curies":[{"name":"wp","href":"https:\/\/api.w.org\/{rel}","templated":true}]}}