{"id":10135,"date":"2025-03-31T09:36:00","date_gmt":"2025-03-31T09:36:00","guid":{"rendered":"https:\/\/whitelip.com\/iceberg-apple-lemon-pineapple-extreme\/"},"modified":"2026-04-29T10:11:14","modified_gmt":"2026-04-29T10:11:14","slug":"iceberg-apple-lemon-pineapple-extreme","status":"publish","type":"product","link":"https:\/\/whitelip.com\/cs\/iceberg\/iceberg-apple-lemon-pineapple-extreme\/","title":{"rendered":"ICEBERG Apple Lemon Pineapple Extreme"},"content":{"rendered":"<h2><strong>ICEBERG Apple Lemon Pineapple Extreme<\/strong><\/h2>\n<p class=\"\" data-start=\"89\" data-end=\"754\">Nikotinov\u00e9 s\u00e1\u010dky ICEBERG Apple Lemon Pineapple Extreme p\u0159in\u00e1\u0161ej\u00ed odv\u00e1\u017enou a exotickou ovocnou sm\u011bs, kter\u00e1 kombinuje k\u0159upavost zelen\u00e9ho jablka, pikantn\u00ed n\u00e1dech citronu a tropickou sladkost ananasu. S vysok\u00fdm obsahem nikotinu 50 mg na gram - p\u0159ibli\u017en\u011b 35 mg na s\u00e1\u010dek - jsou tyto tenk\u00e9 s\u00e1\u010dky ur\u010deny pro zku\u0161en\u00e9 u\u017eivatele, kte\u0159\u00ed hledaj\u00ed siln\u00fd a chu\u0165ov\u011b v\u00fdrazn\u00fd z\u00e1\u017eitek. Jsou diskr\u00e9tn\u00ed a p\u0159\u00edjemn\u00e9 pod rty, jsou navr\u017eeny tak, aby nezanech\u00e1valy skvrny na zubech, a jsou ide\u00e1ln\u00ed pro pou\u017eit\u00ed kdykoli a kdekoli. Tyto beztab\u00e1kov\u00e9 s\u00e1\u010dky, kter\u00e9 vyr\u00e1b\u00ed polsk\u00fd v\u00fdrobce Neoptolem, zn\u00e1m\u00fd sv\u00fdmi inovacemi a kvalitou, posouvaj\u00ed hranice odv\u00e1\u017en\u00e9 chuti a s\u00edly.<\/p>\n<table>\n<tbody>\n<tr>\n<td><b>Atribut<\/b><\/td>\n<td><b>Podrobnosti na<\/b><\/td>\n<\/tr>\n<tr>\n<td><b>Obsah na plechovku<\/b><\/td>\n<td><span style=\"font-weight: 400;\">13 g (20 s\u00e1\u010dk\u016f)<\/span><\/td>\n<\/tr>\n<tr>\n<td><b>Obsah nikotinu<\/b><\/td>\n<td><span style=\"font-weight: 400;\">50 mg\/g (35 mg na s\u00e1\u010dek)<\/span><\/td>\n<\/tr>\n<tr>\n<td><b>Form\u00e1t pouzdra<\/b><\/td>\n<td><span style=\"font-weight: 400;\">Slim<\/span><\/td>\n<\/tr>\n<tr>\n<td><b>V\u00fdrobce<\/b><\/td>\n<td><span style=\"font-weight: 400;\">Neoptolem<\/span><\/td>\n<\/tr>\n<tr>\n<td><b>P\u0159\u00edchu\u0165<\/b><\/td>\n<td><span style=\"font-weight: 400;\">Jablko, citron, ananas<\/span><\/td>\n<\/tr>\n<tr>\n<td><b>Typ<\/b><\/td>\n<td><span style=\"font-weight: 400;\">Celob\u00edl\u00e9 pouzdro<\/span><\/td>\n<\/tr>\n<\/tbody>\n<\/table>\n<p>\u00a0<\/p>","protected":false},"excerpt":{"rendered":"<p>ICEBERG Apple Lemon Pineapple p\u0159in\u00e1\u0161\u00ed odv\u00e1\u017enou, exotickou chu\u0165. <strong data-start=\"54\" data-end=\"79\">jablko citron ananas<\/strong> sm\u011bs s k\u0159upav\u00fdm jablkem, pikantn\u00edm citronem a tropick\u00fdm ananasem. <strong data-start=\"141\" data-end=\"149\">Slim<\/strong> celob\u00edl\u00e9 s\u00e1\u010dky se nen\u00e1padn\u011b usad\u00ed pod rty, ani\u017e by je zabarvily. Ka\u017ed\u00fd s\u00e1\u010dek obsahuje <strong data-start=\"235\" data-end=\"253\">35 mg nikotinu<\/strong>, a poskytuje tak siln\u00fd a aromatick\u00fd z\u00e1sah. Bez tab\u00e1ku. Vyr\u00e1b\u00ed Neoptolem v Polsku.<\/p>","protected":false},"featured_media":10136,"comment_status":"open","ping_status":"closed","template":"","format":[206],"meta":{"_acf_changed":false},"product_brand":[],"product_cat":[50],"product_tag":[16603],"flavours":[196],"nicotine":[226,233],"class_list":{"0":"post-10135","1":"product","2":"type-product","3":"status-publish","4":"has-post-thumbnail","6":"product_cat-iceberg","7":"product_tag-35-mg-pouch","8":"pa_quantity-1-pack","9":"pa_quantity-10-pack","10":"pa_quantity-3-pack","11":"pa_quantity-30-pack","12":"pa_quantity-5-pack","13":"pa_quantity-60-pack","14":"flavours-fruits-berries","15":"format-slim","16":"nicotine-50-mg-g","17":"nicotine-extreme","19":"first","20":"instock","21":"taxable","22":"shipping-taxable","23":"purchasable","24":"product-type-variable","25":"has-default-attributes"},"acf":[],"_links":{"self":[{"href":"https:\/\/whitelip.com\/cs\/wp-json\/wp\/v2\/product\/10135","targetHints":{"allow":["GET"]}}],"collection":[{"href":"https:\/\/whitelip.com\/cs\/wp-json\/wp\/v2\/product"}],"about":[{"href":"https:\/\/whitelip.com\/cs\/wp-json\/wp\/v2\/types\/product"}],"replies":[{"embeddable":true,"href":"https:\/\/whitelip.com\/cs\/wp-json\/wp\/v2\/comments?post=10135"}],"wp:featuredmedia":[{"embeddable":true,"href":"https:\/\/whitelip.com\/cs\/wp-json\/wp\/v2\/media\/10136"}],"wp:attachment":[{"href":"https:\/\/whitelip.com\/cs\/wp-json\/wp\/v2\/media?parent=10135"}],"wp:term":[{"taxonomy":"product_brand","embeddable":true,"href":"https:\/\/whitelip.com\/cs\/wp-json\/wp\/v2\/product_brand?post=10135"},{"taxonomy":"product_cat","embeddable":true,"href":"https:\/\/whitelip.com\/cs\/wp-json\/wp\/v2\/product_cat?post=10135"},{"taxonomy":"product_tag","embeddable":true,"href":"https:\/\/whitelip.com\/cs\/wp-json\/wp\/v2\/product_tag?post=10135"},{"taxonomy":"flavours","embeddable":true,"href":"https:\/\/whitelip.com\/cs\/wp-json\/wp\/v2\/flavours?post=10135"},{"taxonomy":"format","embeddable":true,"href":"https:\/\/whitelip.com\/cs\/wp-json\/wp\/v2\/format?post=10135"},{"taxonomy":"nicotine","embeddable":true,"href":"https:\/\/whitelip.com\/cs\/wp-json\/wp\/v2\/nicotine?post=10135"}],"curies":[{"name":"wp","href":"https:\/\/api.w.org\/{rel}","templated":true}]}}