{"id":10120,"date":"2025-03-31T09:06:14","date_gmt":"2025-03-31T09:06:14","guid":{"rendered":"https:\/\/whitelip.com\/77-blueberry-ice-medium\/"},"modified":"2026-04-15T10:21:30","modified_gmt":"2026-04-15T10:21:30","slug":"77-blueberry-ice-medium","status":"publish","type":"product","link":"https:\/\/whitelip.com\/cs\/77\/77-blueberry-ice-medium\/","title":{"rendered":"77 Bor\u016fvkov\u00fd led st\u0159edn\u00ed"},"content":{"rendered":"<h2><strong>77 Bor\u016fvkov\u00fd led st\u0159edn\u00ed<\/strong><\/h2>\n<p class=\"\" data-start=\"76\" data-end=\"609\">77 Blueberry Ice Medium nikotinov\u00e9 s\u00e1\u010dky p\u0159in\u00e1\u0161ej\u00ed \u0161\u0165avnatou a p\u0159irozenou bor\u016fvkovou p\u0159\u00edchu\u0165, kter\u00e1 zachycuje sladkou a lehce trpkou esenci \u010derstv\u011b natrhan\u00fdch bobul\u00ed. Ka\u017ed\u00fd tenk\u00fd, celob\u00edl\u00fd s\u00e1\u010dek obsahuje 10,4 mg nikotinu a nab\u00edz\u00ed odv\u00e1\u017en\u00fd a uspokojiv\u00fd hit ur\u010den\u00fd pro zku\u0161en\u00e9 u\u017eivatele. D\u00edky diskr\u00e9tn\u00edmu a pohodln\u00e9mu ulo\u017een\u00ed pod rty a slo\u017een\u00ed, kter\u00e9 nezanech\u00e1v\u00e1 skvrny, jsou tyto s\u00e1\u010dky ide\u00e1ln\u00ed pro pou\u017eit\u00ed kdykoli a kdekoli. Vyr\u00e1b\u00ed je spole\u010dnost 77 Group a odr\u00e1\u017eej\u00ed z\u00e1vazek ke kvalit\u011b a inovaci chut\u00ed v kategorii beznikotinov\u00fdch s\u00e1\u010dk\u016f.<\/p>\n<table>\n<tbody>\n<tr>\n<td><b>Atribut<\/b><\/td>\n<td><b>Podrobnosti na<\/b><\/td>\n<\/tr>\n<tr>\n<td><b>Obsah na plechovku<\/b><\/td>\n<td><span style=\"font-weight: 400;\">13 g (20 s\u00e1\u010dk\u016f)<\/span><\/td>\n<\/tr>\n<tr>\n<td><b>Obsah nikotinu<\/b><\/td>\n<td><span style=\"font-weight: 400;\">16 mg\/g (10,4 mg na s\u00e1\u010dek)<\/span><\/td>\n<\/tr>\n<tr>\n<td><b>Form\u00e1t pouzdra<\/b><\/td>\n<td><span style=\"font-weight: 400;\">Slim<\/span><\/td>\n<\/tr>\n<tr>\n<td><b>V\u00fdrobce<\/b><\/td>\n<td><span style=\"font-weight: 400;\">77 Skupina<\/span><\/td>\n<\/tr>\n<tr>\n<td><b>P\u0159\u00edchu\u0165<\/b><\/td>\n<td><span style=\"font-weight: 400;\">Bor\u016fvky<\/span><\/td>\n<\/tr>\n<tr>\n<td><b>Typ<\/b><\/td>\n<td><span style=\"font-weight: 400;\">Celob\u00edl\u00e9 pouzdro<\/span><\/td>\n<\/tr>\n<\/tbody>\n<\/table>","protected":false},"excerpt":{"rendered":"<p>\u0160\u0165avnat\u00e9, p\u0159\u00edrodn\u00ed <strong data-start=\"15\" data-end=\"28\">bor\u016fvky<\/strong> s chladiv\u00fdm ledov\u00fdm z\u00e1v\u011brem a sv\u011b\u017e\u00ed, lehce trpkou chut\u00ed. Na <strong data-start=\"90\" data-end=\"109\">\u0161t\u00edhl\u00fd, <\/strong>celob\u00edl\u00e9 s\u00e1\u010dky diskr\u00e9tn\u011b a pohodln\u011b sed\u00ed pod rty a umo\u017e\u0148uj\u00ed \u010dist\u00e9 a kdykoli pou\u017eiteln\u00e9 pou\u017eit\u00ed. Ka\u017ed\u00fd s\u00e1\u010dek obsahuje <strong data-start=\"207\" data-end=\"227\">10,4 mg nikotinu<\/strong>, kter\u00e1 poskytuje stabiln\u00ed st\u0159edn\u011b siln\u00fd kopanec s \u010distotou bez tab\u00e1ku.<\/p>","protected":false},"featured_media":10121,"comment_status":"open","ping_status":"closed","template":"","format":[206],"meta":{"_acf_changed":false},"product_brand":[],"product_cat":[23],"product_tag":[16543],"flavours":[196],"nicotine":[213,232],"class_list":{"0":"post-10120","1":"product","2":"type-product","3":"status-publish","4":"has-post-thumbnail","6":"product_cat-23","7":"product_tag-10-4-mg-pouch","8":"pa_quantity-1-pack","9":"pa_quantity-10-pack","10":"pa_quantity-3-pack","11":"pa_quantity-30-pack","12":"pa_quantity-5-pack","13":"pa_quantity-60-pack","14":"flavours-fruits-berries","15":"format-slim","16":"nicotine-16-mg-g","17":"nicotine-extra-strong","19":"first","20":"instock","21":"taxable","22":"shipping-taxable","23":"purchasable","24":"product-type-variable"},"acf":[],"_links":{"self":[{"href":"https:\/\/whitelip.com\/cs\/wp-json\/wp\/v2\/product\/10120","targetHints":{"allow":["GET"]}}],"collection":[{"href":"https:\/\/whitelip.com\/cs\/wp-json\/wp\/v2\/product"}],"about":[{"href":"https:\/\/whitelip.com\/cs\/wp-json\/wp\/v2\/types\/product"}],"replies":[{"embeddable":true,"href":"https:\/\/whitelip.com\/cs\/wp-json\/wp\/v2\/comments?post=10120"}],"wp:featuredmedia":[{"embeddable":true,"href":"https:\/\/whitelip.com\/cs\/wp-json\/wp\/v2\/media\/10121"}],"wp:attachment":[{"href":"https:\/\/whitelip.com\/cs\/wp-json\/wp\/v2\/media?parent=10120"}],"wp:term":[{"taxonomy":"product_brand","embeddable":true,"href":"https:\/\/whitelip.com\/cs\/wp-json\/wp\/v2\/product_brand?post=10120"},{"taxonomy":"product_cat","embeddable":true,"href":"https:\/\/whitelip.com\/cs\/wp-json\/wp\/v2\/product_cat?post=10120"},{"taxonomy":"product_tag","embeddable":true,"href":"https:\/\/whitelip.com\/cs\/wp-json\/wp\/v2\/product_tag?post=10120"},{"taxonomy":"flavours","embeddable":true,"href":"https:\/\/whitelip.com\/cs\/wp-json\/wp\/v2\/flavours?post=10120"},{"taxonomy":"format","embeddable":true,"href":"https:\/\/whitelip.com\/cs\/wp-json\/wp\/v2\/format?post=10120"},{"taxonomy":"nicotine","embeddable":true,"href":"https:\/\/whitelip.com\/cs\/wp-json\/wp\/v2\/nicotine?post=10120"}],"curies":[{"name":"wp","href":"https:\/\/api.w.org\/{rel}","templated":true}]}}