{"id":10115,"date":"2025-03-31T09:02:17","date_gmt":"2025-03-31T09:02:17","guid":{"rendered":"https:\/\/whitelip.com\/77-ghost-cola-ice-mini\/"},"modified":"2026-04-22T16:09:02","modified_gmt":"2026-04-22T16:09:02","slug":"77-ghost-cola-ice-mini","status":"publish","type":"product","link":"https:\/\/whitelip.com\/cs\/77\/77-ghost-cola-ice-mini\/","title":{"rendered":"77 Ghost Cola Ice Mini"},"content":{"rendered":"<h2><strong>77 Ghost Cola Ice Mini<\/strong><\/h2>\n<p class=\"\" data-start=\"89\" data-end=\"694\">77 nikotinov\u00fdch s\u00e1\u010dk\u016f Ghost Cola Ice Mini kombinuje v\u00fdraznou, nostalgickou chu\u0165 klasick\u00e9 koly s ledov\u00fdm mentolov\u00fdm n\u00e1dechem pro osv\u011b\u017euj\u00edc\u00ed a povzbuzuj\u00edc\u00ed z\u00e1\u017eitek. Ka\u017ed\u00fd miniaturn\u00ed, celob\u00edl\u00fd s\u00e1\u010dek dod\u00e1v\u00e1 siln\u00fdch 20 mg nikotinu, co\u017e z n\u011bj \u010din\u00ed v\u00fdkonnou variantu p\u0159izp\u016fsobenou pro velmi zku\u0161en\u00e9 u\u017eivatele. S\u00e1\u010dky jsou navr\u017eeny pro diskr\u00e9tn\u00ed pou\u017eit\u00ed a pohodln\u011b se vejdou pod ret, ani\u017e by zabarvily zuby, co\u017e zaji\u0161\u0165uje \u010dist\u00fd a pohodln\u00fd z\u00e1\u017eitek kdykoli. Tyto beztab\u00e1kov\u00e9 s\u00e1\u010dky, vyr\u00e1b\u011bn\u00e9 spole\u010dnost\u00ed 77 Group, vynikaj\u00ed intenzivn\u00ed chut\u00ed a mimo\u0159\u00e1dn\u011b siln\u00fdm n\u00e1dechem a jsou uk\u00e1zkou inovace a vysoce kvalitn\u00edho zpracov\u00e1n\u00ed.<\/p>\n<table>\n<tbody>\n<tr>\n<td><b>Atribut<\/b><\/td>\n<td><b>Podrobnosti na<\/b><\/td>\n<\/tr>\n<tr>\n<td><b>Obsah na plechovku<\/b><\/td>\n<td><span style=\"font-weight: 400;\">13 g (20 s\u00e1\u010dk\u016f)<\/span><\/td>\n<\/tr>\n<tr>\n<td><b>Obsah nikotinu<\/b><\/td>\n<td><span style=\"font-weight: 400;\">40 mg\/g (20 mg na s\u00e1\u010dek)<\/span><\/td>\n<\/tr>\n<tr>\n<td><b>Form\u00e1t pouzdra<\/b><\/td>\n<td><span style=\"font-weight: 400;\">Mini<\/span><\/td>\n<\/tr>\n<tr>\n<td><b>V\u00fdrobce<\/b><\/td>\n<td><span style=\"font-weight: 400;\">77 Skupina<\/span><\/td>\n<\/tr>\n<tr>\n<td><b>P\u0159\u00edchu\u0165<\/b><\/td>\n<td><span style=\"font-weight: 400;\">Cola<\/span><\/td>\n<\/tr>\n<tr>\n<td><b>Typ<\/b><\/td>\n<td><span style=\"font-weight: 400;\">Celob\u00edl\u00e9 pouzdro<\/span><\/td>\n<\/tr>\n<\/tbody>\n<\/table>","protected":false},"excerpt":{"rendered":"<p>Odv\u00e1\u017en\u00fd, nostalgick\u00fd <strong data-start=\"16\" data-end=\"41\">cola s ledov\u00fdm mentolem<\/strong> pro sv\u011b\u017e\u00ed a osv\u011b\u017euj\u00edc\u00ed n\u00e1dech. Na <strong data-start=\"75\" data-end=\"94\">mini,<\/strong> celob\u00edl\u00e9 s\u00e1\u010dky se nen\u00e1padn\u011b vkl\u00e1daj\u00ed pod rty, abyste je mohli kdykoli pou\u017e\u00edt v \u010distot\u011b. Ka\u017ed\u00fd s\u00e1\u010dek obsahuje <strong data-start=\"176\" data-end=\"194\">20 mg nikotinu<\/strong>, kter\u00e1 zku\u0161en\u00fdm u\u017eivatel\u016fm p\u0159in\u00e1\u0161\u00ed mimo\u0159\u00e1dn\u011b siln\u00fd a povzbuzuj\u00edc\u00ed kopanec.<\/p>","protected":false},"featured_media":10116,"comment_status":"open","ping_status":"closed","template":"","format":[205],"meta":{"_acf_changed":false},"product_brand":[],"product_cat":[23],"product_tag":[16545],"flavours":[193,199],"nicotine":[225,233],"class_list":{"0":"post-10115","1":"product","2":"type-product","3":"status-publish","4":"has-post-thumbnail","6":"product_cat-23","7":"product_tag-20-mg-pouch","8":"pa_quantity-1-pack","9":"pa_quantity-10-pack","10":"pa_quantity-3-pack","11":"pa_quantity-30-pack","12":"pa_quantity-5-pack","13":"pa_quantity-60-pack","14":"flavours-cola","15":"flavours-mint","16":"format-mini","17":"nicotine-40-mg-g","18":"nicotine-extreme","20":"first","21":"instock","22":"taxable","23":"shipping-taxable","24":"purchasable","25":"product-type-variable","26":"has-default-attributes"},"acf":[],"_links":{"self":[{"href":"https:\/\/whitelip.com\/cs\/wp-json\/wp\/v2\/product\/10115","targetHints":{"allow":["GET"]}}],"collection":[{"href":"https:\/\/whitelip.com\/cs\/wp-json\/wp\/v2\/product"}],"about":[{"href":"https:\/\/whitelip.com\/cs\/wp-json\/wp\/v2\/types\/product"}],"replies":[{"embeddable":true,"href":"https:\/\/whitelip.com\/cs\/wp-json\/wp\/v2\/comments?post=10115"}],"wp:featuredmedia":[{"embeddable":true,"href":"https:\/\/whitelip.com\/cs\/wp-json\/wp\/v2\/media\/10116"}],"wp:attachment":[{"href":"https:\/\/whitelip.com\/cs\/wp-json\/wp\/v2\/media?parent=10115"}],"wp:term":[{"taxonomy":"product_brand","embeddable":true,"href":"https:\/\/whitelip.com\/cs\/wp-json\/wp\/v2\/product_brand?post=10115"},{"taxonomy":"product_cat","embeddable":true,"href":"https:\/\/whitelip.com\/cs\/wp-json\/wp\/v2\/product_cat?post=10115"},{"taxonomy":"product_tag","embeddable":true,"href":"https:\/\/whitelip.com\/cs\/wp-json\/wp\/v2\/product_tag?post=10115"},{"taxonomy":"flavours","embeddable":true,"href":"https:\/\/whitelip.com\/cs\/wp-json\/wp\/v2\/flavours?post=10115"},{"taxonomy":"format","embeddable":true,"href":"https:\/\/whitelip.com\/cs\/wp-json\/wp\/v2\/format?post=10115"},{"taxonomy":"nicotine","embeddable":true,"href":"https:\/\/whitelip.com\/cs\/wp-json\/wp\/v2\/nicotine?post=10115"}],"curies":[{"name":"wp","href":"https:\/\/api.w.org\/{rel}","templated":true}]}}