{"id":10105,"date":"2025-03-31T08:42:57","date_gmt":"2025-03-31T08:42:57","guid":{"rendered":"https:\/\/whitelip.com\/77-cola-ice-medium\/"},"modified":"2026-04-14T17:00:04","modified_gmt":"2026-04-14T17:00:04","slug":"77-cola-ice-medium","status":"publish","type":"product","link":"https:\/\/whitelip.com\/cs\/77\/77-cola-ice-medium\/","title":{"rendered":"77 Cola Ice Medium"},"content":{"rendered":"<h2><strong>77 Cola Ice Medium<\/strong><\/h2>\n<p class=\"\" data-start=\"91\" data-end=\"587\">77 Cola Ice Medium nikotinov\u00e9 s\u00e1\u010dky nab\u00edzej\u00ed nostalgickou a perlivou kolovou p\u0159\u00edchu\u0165 s n\u00e1dechem sladkosti, kter\u00e1 p\u0159ipom\u00edn\u00e1 klasick\u00e9 nealkoholick\u00e9 n\u00e1poje. Ka\u017ed\u00fd tenk\u00fd, celob\u00edl\u00fd s\u00e1\u010dek dod\u00e1v\u00e1 10,4 mg nikotinu, co\u017e poskytuje siln\u00fd a uspokojiv\u00fd n\u00e1boj p\u0159izp\u016fsoben\u00fd zku\u0161en\u00fdm u\u017eivatel\u016fm. S\u00e1\u010dky jsou navr\u017eeny pro diskr\u00e9tn\u00ed pou\u017eit\u00ed a pohodln\u011b se vejdou pod ret, ani\u017e by zabarvily zuby, tak\u017ee jsou ide\u00e1ln\u00ed pro pou\u017eit\u00ed na cest\u00e1ch. Tyto beztab\u00e1kov\u00e9 s\u00e1\u010dky, vyr\u00e1b\u011bn\u00e9 spole\u010dnost\u00ed 77 Group, se vyzna\u010duj\u00ed prvot\u0159\u00eddn\u00ed kvalitou a v\u00fdraznou, osv\u011b\u017euj\u00edc\u00ed chut\u00ed.<\/p>\n<table>\n<tbody>\n<tr>\n<td><b>Atribut<\/b><\/td>\n<td><b>Podrobnosti na<\/b><\/td>\n<\/tr>\n<tr>\n<td><b>Obsah na plechovku<\/b><\/td>\n<td><span style=\"font-weight: 400;\">13 g (20 s\u00e1\u010dk\u016f)<\/span><\/td>\n<\/tr>\n<tr>\n<td><b>Obsah nikotinu<\/b><\/td>\n<td><span style=\"font-weight: 400;\">16 mg\/g (10,4 mg na s\u00e1\u010dek)<\/span><\/td>\n<\/tr>\n<tr>\n<td><b>Form\u00e1t pouzdra<\/b><\/td>\n<td><span style=\"font-weight: 400;\">Slim<\/span><\/td>\n<\/tr>\n<tr>\n<td><b>V\u00fdrobce<\/b><\/td>\n<td><span style=\"font-weight: 400;\">77 Skupina<\/span><\/td>\n<\/tr>\n<tr>\n<td><b>P\u0159\u00edchu\u0165<\/b><\/td>\n<td><span style=\"font-weight: 400;\">Cola<\/span><\/td>\n<\/tr>\n<tr>\n<td><b>Typ<\/b><\/td>\n<td><span style=\"font-weight: 400;\">Celob\u00edl\u00e9 pouzdro<\/span><\/td>\n<\/tr>\n<\/tbody>\n<\/table>","protected":false},"excerpt":{"rendered":"<p>Nostalgick\u00e9 <strong data-start=\"10\" data-end=\"18\">cola<\/strong> s lehkou perlivou sladkost\u00ed pro \u010distou, osv\u011b\u017euj\u00edc\u00ed chu\u0165. Na <strong data-start=\"83\" data-end=\"102\">\u0161t\u00edhl\u00fd, <\/strong>celob\u00edl\u00e9 s\u00e1\u010dky diskr\u00e9tn\u011b a pohodln\u011b sed\u00ed pod rty, tak\u017ee je m\u016f\u017eete pou\u017e\u00edvat beze skvrn i na cest\u00e1ch. Ka\u017ed\u00fd s\u00e1\u010dek obsahuje <strong data-start=\"207\" data-end=\"227\">10,4 mg nikotinu<\/strong>, kter\u00e1 poskytuje stabiln\u00ed st\u0159edn\u011b siln\u00fd kopanec s \u010distotou bez tab\u00e1ku.<\/p>","protected":false},"featured_media":10106,"comment_status":"open","ping_status":"closed","template":"","format":[206],"meta":{"_acf_changed":false},"product_brand":[],"product_cat":[23],"product_tag":[16543],"flavours":[193],"nicotine":[213,232],"class_list":{"0":"post-10105","1":"product","2":"type-product","3":"status-publish","4":"has-post-thumbnail","6":"product_cat-23","7":"product_tag-10-4-mg-pouch","8":"pa_quantity-1-pack","9":"pa_quantity-10-pack","10":"pa_quantity-3-pack","11":"pa_quantity-30-pack","12":"pa_quantity-5-pack","13":"pa_quantity-60-pack","14":"flavours-cola","15":"format-slim","16":"nicotine-16-mg-g","17":"nicotine-extra-strong","19":"first","20":"instock","21":"taxable","22":"shipping-taxable","23":"purchasable","24":"product-type-variable","25":"has-default-attributes"},"acf":[],"_links":{"self":[{"href":"https:\/\/whitelip.com\/cs\/wp-json\/wp\/v2\/product\/10105","targetHints":{"allow":["GET"]}}],"collection":[{"href":"https:\/\/whitelip.com\/cs\/wp-json\/wp\/v2\/product"}],"about":[{"href":"https:\/\/whitelip.com\/cs\/wp-json\/wp\/v2\/types\/product"}],"replies":[{"embeddable":true,"href":"https:\/\/whitelip.com\/cs\/wp-json\/wp\/v2\/comments?post=10105"}],"wp:featuredmedia":[{"embeddable":true,"href":"https:\/\/whitelip.com\/cs\/wp-json\/wp\/v2\/media\/10106"}],"wp:attachment":[{"href":"https:\/\/whitelip.com\/cs\/wp-json\/wp\/v2\/media?parent=10105"}],"wp:term":[{"taxonomy":"product_brand","embeddable":true,"href":"https:\/\/whitelip.com\/cs\/wp-json\/wp\/v2\/product_brand?post=10105"},{"taxonomy":"product_cat","embeddable":true,"href":"https:\/\/whitelip.com\/cs\/wp-json\/wp\/v2\/product_cat?post=10105"},{"taxonomy":"product_tag","embeddable":true,"href":"https:\/\/whitelip.com\/cs\/wp-json\/wp\/v2\/product_tag?post=10105"},{"taxonomy":"flavours","embeddable":true,"href":"https:\/\/whitelip.com\/cs\/wp-json\/wp\/v2\/flavours?post=10105"},{"taxonomy":"format","embeddable":true,"href":"https:\/\/whitelip.com\/cs\/wp-json\/wp\/v2\/format?post=10105"},{"taxonomy":"nicotine","embeddable":true,"href":"https:\/\/whitelip.com\/cs\/wp-json\/wp\/v2\/nicotine?post=10105"}],"curies":[{"name":"wp","href":"https:\/\/api.w.org\/{rel}","templated":true}]}}