{"id":10100,"date":"2025-03-27T09:20:22","date_gmt":"2025-03-27T09:20:22","guid":{"rendered":"https:\/\/whitelip.com\/pablo-exclusive-dark-cherry-50mg\/"},"modified":"2026-04-30T10:11:02","modified_gmt":"2026-04-30T10:11:02","slug":"pablo-exclusive-dark-cherry-50mg","status":"publish","type":"product","link":"https:\/\/whitelip.com\/cs\/pablo\/pablo-exclusive-dark-cherry-50mg\/","title":{"rendered":"PABLO Exclusive Dark Cherry 50mg"},"content":{"rendered":"<h2><strong>PABLO Exclusive Dark Cherry 50mg<\/strong><\/h2>\n<p><span style=\"font-weight: 400;\">PABLO Exclusive Dark Cherry 50 mg nikotinov\u00fdch s\u00e1\u010dk\u016f p\u0159in\u00e1\u0161\u00ed odv\u00e1\u017enou kombinaci sladk\u00e9 a \u0161\u0165avnat\u00e9 t\u0159e\u0161\u0148ov\u00e9 chuti s osv\u011b\u017euj\u00edc\u00edm ledov\u011b m\u00e1tov\u00fdm z\u00e1v\u011brem, spojenou s extr\u00e9mn\u011b vysokou nikotinovou silou pro siln\u00fd z\u00e1\u017eitek. Tyto tenk\u00e9 beztab\u00e1kov\u00e9 s\u00e1\u010dky jsou navr\u017eeny pro diskr\u00e9tn\u00ed a pohodln\u00e9 pou\u017e\u00edv\u00e1n\u00ed a bez probl\u00e9m\u016f se vejdou pod ret. PABLO Exclusive Dark Cherry je vytvo\u0159en pro zku\u0161en\u00e9 u\u017eivatele a poskytuje konzistentn\u00ed uvol\u0148ov\u00e1n\u00ed chuti a nikotinu, \u010d\u00edm\u017e nab\u00edz\u00ed jedine\u010dn\u00fd a povzbuzuj\u00edc\u00ed pocit.<\/span><\/p>\n<table>\n<tbody>\n<tr>\n<td><b>Atribut<\/b><\/td>\n<td><b>Podrobnosti na<\/b><\/td>\n<\/tr>\n<tr>\n<td><span style=\"font-weight: 400;\">Obsah na plechovku<\/span><\/td>\n<td><span style=\"font-weight: 400;\">15 g (20 s\u00e1\u010dk\u016f)<\/span><\/td>\n<\/tr>\n<tr>\n<td><span style=\"font-weight: 400;\">Obsah nikotinu<\/span><\/td>\n<td><span style=\"font-weight: 400;\">50 mg\/g (30 mg na s\u00e1\u010dek)<\/span><\/td>\n<\/tr>\n<tr>\n<td><span style=\"font-weight: 400;\">Form\u00e1t pouzdra<\/span><\/td>\n<td><span style=\"font-weight: 400;\">Slim<\/span><\/td>\n<\/tr>\n<tr>\n<td><span style=\"font-weight: 400;\">V\u00fdrobce<\/span><\/td>\n<td><span style=\"font-weight: 400;\">\u0158\u00ed\u0161e N.G.P<\/span><\/td>\n<\/tr>\n<tr>\n<td><span style=\"font-weight: 400;\">P\u0159\u00edchu\u0165<\/span><\/td>\n<td><span style=\"font-weight: 400;\">T\u0159e\u0161e\u0148 se zmrazuj\u00edc\u00ed mintou<\/span><\/td>\n<\/tr>\n<tr>\n<td><span style=\"font-weight: 400;\">Typ<\/span><\/td>\n<td><span style=\"font-weight: 400;\">Celob\u00edl\u00fd s\u00e1\u010dek, bez tab\u00e1ku<\/span><\/td>\n<\/tr>\n<\/tbody>\n<\/table>","protected":false},"excerpt":{"rendered":"<p>S\u00e1\u010dky PABLO Exclusive Dark Cherry 50 mg nikotinu p\u0159in\u00e1\u0161ej\u00ed odv\u00e1\u017enou, \u0161\u0165avnatou chu\u0165. <strong data-start=\"72\" data-end=\"87\">Tmav\u00e1 t\u0159e\u0161e\u0148<\/strong> s osv\u011b\u017euj\u00edc\u00ed ledov\u011b m\u00e1tovou p\u0159\u00edchut\u00ed. <strong data-start=\"130\" data-end=\"138\">Slim<\/strong>, beztab\u00e1kov\u00fd form\u00e1t pro diskr\u00e9tn\u00ed, pohodln\u00e9 pou\u017e\u00edv\u00e1n\u00ed a \u010dist\u00e9, stabiln\u00ed uvol\u0148ov\u00e1n\u00ed. Ka\u017ed\u00fd s\u00e1\u010dek obsahuje <strong data-start=\"239\" data-end=\"259\">30 mg nikotinu<\/strong>.<\/p>","protected":false},"featured_media":10101,"comment_status":"open","ping_status":"closed","template":"","format":[206],"meta":{"_acf_changed":false},"product_brand":[],"product_cat":[44],"product_tag":[16605],"flavours":[196],"nicotine":[226,233],"class_list":{"0":"post-10100","1":"product","2":"type-product","3":"status-publish","4":"has-post-thumbnail","6":"product_cat-pablo","7":"product_tag-30-mg-pouch","8":"pa_quantity-1-pack","9":"pa_quantity-10-pack","10":"pa_quantity-3-pack","11":"pa_quantity-30-pack","12":"pa_quantity-5-pack","13":"pa_quantity-60-pack","14":"flavours-fruits-berries","15":"format-slim","16":"nicotine-50-mg-g","17":"nicotine-extreme","19":"first","20":"instock","21":"taxable","22":"shipping-taxable","23":"purchasable","24":"product-type-variable","25":"has-default-attributes"},"acf":[],"_links":{"self":[{"href":"https:\/\/whitelip.com\/cs\/wp-json\/wp\/v2\/product\/10100","targetHints":{"allow":["GET"]}}],"collection":[{"href":"https:\/\/whitelip.com\/cs\/wp-json\/wp\/v2\/product"}],"about":[{"href":"https:\/\/whitelip.com\/cs\/wp-json\/wp\/v2\/types\/product"}],"replies":[{"embeddable":true,"href":"https:\/\/whitelip.com\/cs\/wp-json\/wp\/v2\/comments?post=10100"}],"wp:featuredmedia":[{"embeddable":true,"href":"https:\/\/whitelip.com\/cs\/wp-json\/wp\/v2\/media\/10101"}],"wp:attachment":[{"href":"https:\/\/whitelip.com\/cs\/wp-json\/wp\/v2\/media?parent=10100"}],"wp:term":[{"taxonomy":"product_brand","embeddable":true,"href":"https:\/\/whitelip.com\/cs\/wp-json\/wp\/v2\/product_brand?post=10100"},{"taxonomy":"product_cat","embeddable":true,"href":"https:\/\/whitelip.com\/cs\/wp-json\/wp\/v2\/product_cat?post=10100"},{"taxonomy":"product_tag","embeddable":true,"href":"https:\/\/whitelip.com\/cs\/wp-json\/wp\/v2\/product_tag?post=10100"},{"taxonomy":"flavours","embeddable":true,"href":"https:\/\/whitelip.com\/cs\/wp-json\/wp\/v2\/flavours?post=10100"},{"taxonomy":"format","embeddable":true,"href":"https:\/\/whitelip.com\/cs\/wp-json\/wp\/v2\/format?post=10100"},{"taxonomy":"nicotine","embeddable":true,"href":"https:\/\/whitelip.com\/cs\/wp-json\/wp\/v2\/nicotine?post=10100"}],"curies":[{"name":"wp","href":"https:\/\/api.w.org\/{rel}","templated":true}]}}