{"id":10047,"date":"2025-03-25T13:43:07","date_gmt":"2025-03-25T13:43:07","guid":{"rendered":"https:\/\/whitelip.com\/garant-raspberry-20mg\/"},"modified":"2026-05-02T10:11:24","modified_gmt":"2026-05-02T10:11:24","slug":"garant-raspberry-20mg","status":"publish","type":"product","link":"https:\/\/whitelip.com\/cs\/garant\/garant-raspberry-20mg\/","title":{"rendered":"Garant Raspberry 20mg"},"content":{"rendered":"<h2><strong>Garant Raspberry 20mg<\/strong><\/h2>\n<p>Nikotinov\u00e9 s\u00e1\u010dky Garant Raspberry p\u0159in\u00e1\u0161ej\u00ed \u017eivou a \u017eivou chu\u0165, kter\u00e1 kombinuje sladk\u00e9, pikantn\u00ed t\u00f3ny s n\u00e1dechem trpkosti pro dokonale vyv\u00e1\u017een\u00fd ovocn\u00fd z\u00e1\u017eitek. Jasn\u00e1 malinov\u00e1 chu\u0165 poskytuje osv\u011b\u017euj\u00edc\u00ed v\u00fdbuch, zat\u00edmco jemn\u00e1 kyselost dod\u00e1v\u00e1 chu\u0165ov\u00e9mu profilu hloubku. Ka\u017ed\u00fd tenk\u00fd, celob\u00edl\u00fd s\u00e1\u010dek obsahuje 10 mg nikotinu, celkem 20 mg nikotinu na gram, co\u017e nab\u00edz\u00ed siln\u00fd a dlouhotrvaj\u00edc\u00ed \u00fa\u010dinek. Tyto beztab\u00e1kov\u00e9 s\u00e1\u010dky jsou navr\u017eeny pro diskr\u00e9tn\u00ed pou\u017eit\u00ed, pohodln\u011b se vejdou pod ret a poskytuj\u00ed p\u0159\u00edjemn\u00fd a dlouhotrvaj\u00edc\u00ed nikotinov\u00fd z\u00e1\u017eitek t\u011bm, kte\u0159\u00ed oce\u0148uj\u00ed v\u00fdrazn\u00e9 ovocn\u00e9 p\u0159\u00edchut\u011b.<\/p>\n<table>\n<tbody>\n<tr>\n<td><b>Atribut<\/b><\/td>\n<td><b>Podrobnosti na<\/b><\/td>\n<\/tr>\n<tr>\n<td><span style=\"font-weight: 400;\">Obsah na plechovku<\/span><\/td>\n<td>27 s\u00e1\u010dk\u016f<\/td>\n<\/tr>\n<tr>\n<td><span style=\"font-weight: 400;\">Obsah nikotinu<\/span><\/td>\n<td><span style=\"font-weight: 400;\">20 mg\/g (10 mg na s\u00e1\u010dek)<\/span><\/td>\n<\/tr>\n<tr>\n<td><span style=\"font-weight: 400;\">Form\u00e1t pouzdra<\/span><\/td>\n<td><span style=\"font-weight: 400;\">Slim<\/span><\/td>\n<\/tr>\n<tr>\n<td><span style=\"font-weight: 400;\">V\u00fdrobce<\/span><\/td>\n<td><span style=\"font-weight: 400;\">Garant<\/span><\/td>\n<\/tr>\n<tr>\n<td><span style=\"font-weight: 400;\">P\u0159\u00edchu\u0165<\/span><\/td>\n<td>Raspberry<\/td>\n<\/tr>\n<tr>\n<td><span style=\"font-weight: 400;\">Typ<\/span><\/td>\n<td><span style=\"font-weight: 400;\">Celob\u00edl\u00fd s\u00e1\u010dek, bez tab\u00e1ku<\/span><\/td>\n<\/tr>\n<\/tbody>\n<\/table>","protected":false},"excerpt":{"rendered":"<p>Sv\u011btl\u00fd, sladce hn\u011bd\u00fd <strong data-start=\"20\" data-end=\"33\">malina<\/strong> s n\u00e1dechem kyselosti pro vyv\u00e1\u017een\u00fd ovocn\u00fd n\u00e1dech. <strong data-start=\"88\" data-end=\"96\">Slim<\/strong>, zcela b\u00edl\u00e9 s\u00e1\u010dky bez tab\u00e1ku se diskr\u00e9tn\u011b vejdou pod ret a umo\u017e\u0148uj\u00ed pohodln\u00e9 pou\u017e\u00edv\u00e1n\u00ed. Ka\u017ed\u00fd s\u00e1\u010dek obsahuje <strong data-start=\"200\" data-end=\"218\">10 mg nikotinu<\/strong> (20 mg\/g), co\u017e p\u0159in\u00e1\u0161\u00ed siln\u00fd a dlouhotrvaj\u00edc\u00ed \u00fa\u010dinek.<\/p>","protected":false},"featured_media":10048,"comment_status":"open","ping_status":"closed","template":"","format":[206],"meta":{"_acf_changed":false},"product_brand":[],"product_cat":[102],"product_tag":[16587,16510],"flavours":[196],"nicotine":[218,232],"class_list":{"0":"post-10047","1":"product","2":"type-product","3":"status-publish","4":"has-post-thumbnail","6":"product_cat-garant","7":"product_tag-10-mg-pouch","8":"product_tag-12-off","9":"pa_quantity-1-pack","10":"pa_quantity-10-pack","11":"pa_quantity-3-pack","12":"pa_quantity-30-pack","13":"pa_quantity-5-pack","14":"pa_quantity-60-pack","15":"flavours-fruits-berries","16":"format-slim","17":"nicotine-20-mg-g","18":"nicotine-extra-strong","20":"first","21":"instock","22":"sale","23":"taxable","24":"shipping-taxable","25":"purchasable","26":"product-type-variable","27":"has-default-attributes"},"acf":[],"_links":{"self":[{"href":"https:\/\/whitelip.com\/cs\/wp-json\/wp\/v2\/product\/10047","targetHints":{"allow":["GET"]}}],"collection":[{"href":"https:\/\/whitelip.com\/cs\/wp-json\/wp\/v2\/product"}],"about":[{"href":"https:\/\/whitelip.com\/cs\/wp-json\/wp\/v2\/types\/product"}],"replies":[{"embeddable":true,"href":"https:\/\/whitelip.com\/cs\/wp-json\/wp\/v2\/comments?post=10047"}],"wp:featuredmedia":[{"embeddable":true,"href":"https:\/\/whitelip.com\/cs\/wp-json\/wp\/v2\/media\/10048"}],"wp:attachment":[{"href":"https:\/\/whitelip.com\/cs\/wp-json\/wp\/v2\/media?parent=10047"}],"wp:term":[{"taxonomy":"product_brand","embeddable":true,"href":"https:\/\/whitelip.com\/cs\/wp-json\/wp\/v2\/product_brand?post=10047"},{"taxonomy":"product_cat","embeddable":true,"href":"https:\/\/whitelip.com\/cs\/wp-json\/wp\/v2\/product_cat?post=10047"},{"taxonomy":"product_tag","embeddable":true,"href":"https:\/\/whitelip.com\/cs\/wp-json\/wp\/v2\/product_tag?post=10047"},{"taxonomy":"flavours","embeddable":true,"href":"https:\/\/whitelip.com\/cs\/wp-json\/wp\/v2\/flavours?post=10047"},{"taxonomy":"format","embeddable":true,"href":"https:\/\/whitelip.com\/cs\/wp-json\/wp\/v2\/format?post=10047"},{"taxonomy":"nicotine","embeddable":true,"href":"https:\/\/whitelip.com\/cs\/wp-json\/wp\/v2\/nicotine?post=10047"}],"curies":[{"name":"wp","href":"https:\/\/api.w.org\/{rel}","templated":true}]}}