{"id":10012,"date":"2025-03-25T13:43:08","date_gmt":"2025-03-25T13:43:08","guid":{"rendered":"https:\/\/whitelip.com\/garant-extreme-edition-ice-cool-50-mg\/"},"modified":"2026-04-15T17:36:57","modified_gmt":"2026-04-15T17:36:57","slug":"garant-ice-cool-35-mg","status":"publish","type":"product","link":"https:\/\/whitelip.com\/cs\/garant\/garant-ice-cool-35-mg\/","title":{"rendered":"Garant Ice Cool 35 mg"},"content":{"rendered":"<h2><strong>Garant Ice Cool 35 mg<\/strong><\/h2>\n<p>Nikotinov\u00e9 s\u00e1\u010dky Garant Ice Cool p\u0159in\u00e1\u0161ej\u00ed vzru\u0161uj\u00edc\u00ed p\u0159\u00edval ledov\u00e9 m\u00e1ty, kter\u00e1 okam\u017eit\u011b ochlad\u00ed a osv\u011b\u017e\u00ed va\u0161e smysly. Intenzivn\u00ed m\u00e1tov\u00e1 p\u0159\u00edchu\u0165 je ostr\u00e1 a povzbuzuj\u00edc\u00ed a vytv\u00e1\u0159\u00ed mraziv\u00fd v\u00fdbuch, kter\u00fd je siln\u00fd a z\u00e1rove\u0148 jemn\u00fd. S n\u00e1stupem chladu p\u0159etrv\u00e1v\u00e1 sv\u011b\u017e\u00ed, \u010dist\u00fd pocit, kter\u00fd nab\u00edz\u00ed uspokojiv\u00fd, dlouhotrvaj\u00edc\u00ed \u00fa\u010dinek. Ka\u017ed\u00fd tenk\u00fd, celob\u00edl\u00fd s\u00e1\u010dek obsahuje 15 mg nikotinu, celkem 35 mg nikotinu v jednom gramu, co\u017e zaji\u0161\u0165uje siln\u00fd a dlouhotrvaj\u00edc\u00ed nikotinov\u00fd z\u00e1\u017eitek. Tyto beztab\u00e1kov\u00e9 s\u00e1\u010dky se diskr\u00e9tn\u011b vejdou pod ret a poskytuj\u00ed sv\u011b\u017e\u00ed, povzbuzuj\u00edc\u00ed nikotinov\u00fd n\u00e1boj, kter\u00fd je ide\u00e1ln\u00ed pro ty, kdo tou\u017e\u00ed po chladiv\u00e9m, osv\u011b\u017euj\u00edc\u00edm \u00faniku.<\/p>\n<table>\n<tbody>\n<tr>\n<td><b>Atribut<\/b><\/td>\n<td><b>Podrobnosti na<\/b><\/td>\n<\/tr>\n<tr>\n<td><span style=\"font-weight: 400;\">Obsah na plechovku<\/span><\/td>\n<td>27 s\u00e1\u010dk\u016f<\/td>\n<\/tr>\n<tr>\n<td><span style=\"font-weight: 400;\">Obsah nikotinu<\/span><\/td>\n<td><span style=\"font-weight: 400;\"> 35 mg\/g (15 mg na s\u00e1\u010dek)<\/span><\/td>\n<\/tr>\n<tr>\n<td><span style=\"font-weight: 400;\">Form\u00e1t pouzdra<\/span><\/td>\n<td><span style=\"font-weight: 400;\">Slim<\/span><\/td>\n<\/tr>\n<tr>\n<td><span style=\"font-weight: 400;\">V\u00fdrobce<\/span><\/td>\n<td><span style=\"font-weight: 400;\">Garant<\/span><\/td>\n<\/tr>\n<tr>\n<td><span style=\"font-weight: 400;\">P\u0159\u00edchu\u0165<\/span><\/td>\n<td>M\u00e1tov\u00fd<\/td>\n<\/tr>\n<tr>\n<td><span style=\"font-weight: 400;\">Typ<\/span><\/td>\n<td><span style=\"font-weight: 400;\">Celob\u00edl\u00fd s\u00e1\u010dek, bez tab\u00e1ku<\/span><\/td>\n<\/tr>\n<\/tbody>\n<\/table>","protected":false},"excerpt":{"rendered":"<article class=\"text-token-text-primary w-full focus:outline-none [--shadow-height:45px] has-data-writing-block:pointer-events-none has-data-writing-block:-mt-(--shadow-height) has-data-writing-block:pt-(--shadow-height) [&amp;:has([data-writing-block])&gt;*]:pointer-events-auto [content-visibility:auto] supports-[content-visibility:auto]:[contain-intrinsic-size:auto_100lvh] scroll-mt-[calc(var(--header-height)+min(200px,max(70px,20svh)))]\" dir=\"auto\" tabindex=\"-1\" data-turn-id=\"f158230c-24c1-4949-aa39-7a8437b10b0c\" data-testid=\"conversation-turn-36\" data-scroll-anchor=\"true\" data-turn=\"assistant\">\n<div class=\"text-base my-auto mx-auto pb-10 [--thread-content-margin:--spacing(4)] thread-sm:[--thread-content-margin:--spacing(6)] thread-lg:[--thread-content-margin:--spacing(16)] px-(--thread-content-margin)\">\n<div class=\"[--thread-content-max-width:40rem] thread-lg:[--thread-content-max-width:48rem] mx-auto max-w-(--thread-content-max-width) flex-1 group\/turn-messages focus-visible:outline-hidden relative flex w-full min-w-0 flex-col agent-turn\" tabindex=\"-1\">\n<div class=\"flex max-w-full flex-col grow\">\n<div class=\"min-h-8 text-message relative flex w-full flex-col items-end gap-2 text-start break-words whitespace-normal [.text-message+&amp;]:mt-1\" dir=\"auto\" data-message-author-role=\"assistant\" data-message-id=\"4c09b0c8-4a1a-4bcf-925e-5f305b7d5382\" data-message-model-slug=\"gpt-5-thinking\">\n<div class=\"flex w-full flex-col gap-1 empty:hidden first:pt-[1px]\">\n<div class=\"markdown prose dark:prose-invert w-full break-words dark markdown-new-styling\">\n<p data-start=\"0\" data-end=\"278\" data-is-last-node=\"\" data-is-only-node=\"\">Exhilarating <strong data-start=\"13\" data-end=\"30\">ice cool mint<\/strong> with a sharp, invigorating chill and a clean, lingering finish. <strong data-start=\"95\" data-end=\"103\">Slim<\/strong>, all-white, tobacco-free pouches fit discreetly under the lip for comfortable use. Each pouch contains <strong data-start=\"207\" data-end=\"225\">15 mg nicotine<\/strong> (35 mg\/g), delivering a potent, long-lasting effect.<\/p>\n<\/div>\n<\/div>\n<\/div>\n<\/div>\n<div class=\"z-0 flex min-h-[46px] justify-start\"><\/div>\n<div class=\"mt-3 w-full empty:hidden\">\n<div class=\"text-center\"><\/div>\n<\/div>\n<\/div>\n<\/div>\n<\/article>\n<div class=\"pointer-events-none h-px w-px\" aria-hidden=\"true\" data-edge=\"true\"><\/div>\n","protected":false},"featured_media":91233,"comment_status":"open","ping_status":"closed","template":"","format":[206],"meta":{"_acf_changed":false},"product_brand":[],"product_cat":[102],"product_tag":[16510,16571],"flavours":[199],"nicotine":[219,232],"class_list":{"0":"post-10012","1":"product","2":"type-product","3":"status-publish","4":"has-post-thumbnail","6":"product_cat-garant","7":"product_tag-12-off","8":"product_tag-15-mg-pouch","9":"pa_quantity-1-pack","10":"pa_quantity-10-pack","11":"pa_quantity-3-pack","12":"pa_quantity-30-pack","13":"pa_quantity-5-pack","14":"pa_quantity-60-pack","15":"flavours-mint","16":"format-slim","17":"nicotine-25-mg-g","18":"nicotine-extra-strong","20":"first","21":"instock","22":"sale","23":"taxable","24":"shipping-taxable","25":"purchasable","26":"product-type-variable","27":"has-default-attributes"},"acf":[],"_links":{"self":[{"href":"https:\/\/whitelip.com\/cs\/wp-json\/wp\/v2\/product\/10012","targetHints":{"allow":["GET"]}}],"collection":[{"href":"https:\/\/whitelip.com\/cs\/wp-json\/wp\/v2\/product"}],"about":[{"href":"https:\/\/whitelip.com\/cs\/wp-json\/wp\/v2\/types\/product"}],"replies":[{"embeddable":true,"href":"https:\/\/whitelip.com\/cs\/wp-json\/wp\/v2\/comments?post=10012"}],"wp:featuredmedia":[{"embeddable":true,"href":"https:\/\/whitelip.com\/cs\/wp-json\/wp\/v2\/media\/91233"}],"wp:attachment":[{"href":"https:\/\/whitelip.com\/cs\/wp-json\/wp\/v2\/media?parent=10012"}],"wp:term":[{"taxonomy":"product_brand","embeddable":true,"href":"https:\/\/whitelip.com\/cs\/wp-json\/wp\/v2\/product_brand?post=10012"},{"taxonomy":"product_cat","embeddable":true,"href":"https:\/\/whitelip.com\/cs\/wp-json\/wp\/v2\/product_cat?post=10012"},{"taxonomy":"product_tag","embeddable":true,"href":"https:\/\/whitelip.com\/cs\/wp-json\/wp\/v2\/product_tag?post=10012"},{"taxonomy":"flavours","embeddable":true,"href":"https:\/\/whitelip.com\/cs\/wp-json\/wp\/v2\/flavours?post=10012"},{"taxonomy":"format","embeddable":true,"href":"https:\/\/whitelip.com\/cs\/wp-json\/wp\/v2\/format?post=10012"},{"taxonomy":"nicotine","embeddable":true,"href":"https:\/\/whitelip.com\/cs\/wp-json\/wp\/v2\/nicotine?post=10012"}],"curies":[{"name":"wp","href":"https:\/\/api.w.org\/{rel}","templated":true}]}}