{"id":10002,"date":"2025-03-25T13:43:09","date_gmt":"2025-03-25T13:43:09","guid":{"rendered":"https:\/\/whitelip.com\/garant-extreme-edition-ice-blueberry-50-mg\/"},"modified":"2026-03-25T00:51:25","modified_gmt":"2026-03-25T00:51:25","slug":"garant-extreme-edition-ice-blueberry-50-mg","status":"publish","type":"product","link":"https:\/\/whitelip.com\/cs\/garant\/garant-extreme-edition-ice-blueberry-50-mg\/","title":{"rendered":"Garant Extreme Edition Ice Blueberry 50 mg"},"content":{"rendered":"<h2><strong>Garant Extreme Edition Ice Blueberry 50 mg<\/strong><\/h2>\n<p>Nikotinov\u00e9 s\u00e1\u010dky Garant Extreme Ice Blueberry nab\u00edzej\u00ed pravou chu\u0165 divok\u00fdch lesn\u00edch bor\u016fvek, kter\u00e9 opl\u00fdvaj\u00ed bohatou p\u0159\u00edrodn\u00ed sladkost\u00ed. Tuto autentickou p\u0159\u00edchu\u0165 lesn\u00edch plod\u016f dokonale dopl\u0148uje dotek jemn\u00e9 m\u00e1ty, kter\u00e1 dod\u00e1v\u00e1 osv\u011b\u017euj\u00edc\u00ed chladivost a odleh\u010duje z\u00e1\u017eitek. Ka\u017ed\u00fd tenk\u00fd, celob\u00edl\u00fd s\u00e1\u010dek obsahuje 25 mg nikotinu, celkem 50 mg nikotinu na gram, co\u017e p\u0159in\u00e1\u0161\u00ed siln\u00fd a dlouhotrvaj\u00edc\u00ed \u00fa\u010dinek. Tyto beztab\u00e1kov\u00e9 s\u00e1\u010dky, navr\u017een\u00e9 pro pohodl\u00ed a diskr\u00e9tnost, poskytuj\u00ed hladk\u00fd, osv\u011b\u017euj\u00edc\u00ed nikotinov\u00fd z\u00e1\u017eitek a spojuj\u00ed nejlep\u0161\u00ed p\u0159\u00edrodn\u00ed chut\u011b s chladiv\u00fdm, osv\u011b\u017euj\u00edc\u00edm n\u00e1dechem.<\/p>\n<table>\n<tbody>\n<tr>\n<td><b>Atribut<\/b><\/td>\n<td><b>Podrobnosti na<\/b><\/td>\n<\/tr>\n<tr>\n<td><span style=\"font-weight: 400;\">Obsah na plechovku<\/span><\/td>\n<td>27 s\u00e1\u010dk\u016f<\/td>\n<\/tr>\n<tr>\n<td><span style=\"font-weight: 400;\">Obsah nikotinu<\/span><\/td>\n<td><span style=\"font-weight: 400;\">50 mg\/g (25 mg na s\u00e1\u010dek)<\/span><\/td>\n<\/tr>\n<tr>\n<td><span style=\"font-weight: 400;\">Form\u00e1t pouzdra<\/span><\/td>\n<td><span style=\"font-weight: 400;\">Slim<\/span><\/td>\n<\/tr>\n<tr>\n<td><span style=\"font-weight: 400;\">V\u00fdrobce<\/span><\/td>\n<td><span style=\"font-weight: 400;\">Garant<\/span><\/td>\n<\/tr>\n<tr>\n<td><span style=\"font-weight: 400;\">P\u0159\u00edchu\u0165<\/span><\/td>\n<td>Bor\u016fvka, m\u00e1ta<\/td>\n<\/tr>\n<tr>\n<td><span style=\"font-weight: 400;\">Typ<\/span><\/td>\n<td><span style=\"font-weight: 400;\">Celob\u00edl\u00fd s\u00e1\u010dek, bez tab\u00e1ku<\/span><\/td>\n<\/tr>\n<\/tbody>\n<\/table>","protected":false},"excerpt":{"rendered":"<p>Bohat\u00e9, p\u0159\u00edrodn\u00ed <strong data-start=\"14\" data-end=\"27\">bor\u016fvky<\/strong> sladkost s jemn\u00fdm m\u00e1tov\u00fdm chladem pro osv\u011b\u017een\u00ed. <strong data-start=\"87\" data-end=\"95\">Slim<\/strong>, zcela b\u00edl\u00e9 s\u00e1\u010dky bez tab\u00e1ku se nen\u00e1padn\u011b um\u00edst\u00ed pod rty. Ka\u017ed\u00fd s\u00e1\u010dek obsahuje <strong data-start=\"179\" data-end=\"197\">25 mg nikotinu<\/strong> (50 mg\/g), co\u017e p\u0159in\u00e1\u0161\u00ed siln\u00fd a dlouhotrvaj\u00edc\u00ed \u00fa\u010dinek.<\/p>","protected":false},"featured_media":3302,"comment_status":"open","ping_status":"closed","template":"","format":[206],"meta":{"_acf_changed":false},"product_brand":[],"product_cat":[102],"product_tag":[16510,16589],"flavours":[196,199],"nicotine":[226,233],"class_list":{"0":"post-10002","1":"product","2":"type-product","3":"status-publish","4":"has-post-thumbnail","6":"product_cat-garant","7":"product_tag-12-off","8":"product_tag-25-mg-pouch","9":"pa_quantity-1-pack","10":"pa_quantity-10-pack","11":"pa_quantity-3-pack","12":"pa_quantity-30-pack","13":"pa_quantity-5-pack","14":"pa_quantity-60-pack","15":"flavours-fruits-berries","16":"flavours-mint","17":"format-slim","18":"nicotine-50-mg-g","19":"nicotine-extreme","21":"first","22":"instock","23":"sale","24":"taxable","25":"shipping-taxable","26":"purchasable","27":"product-type-variable","28":"has-default-attributes"},"acf":[],"_links":{"self":[{"href":"https:\/\/whitelip.com\/cs\/wp-json\/wp\/v2\/product\/10002","targetHints":{"allow":["GET"]}}],"collection":[{"href":"https:\/\/whitelip.com\/cs\/wp-json\/wp\/v2\/product"}],"about":[{"href":"https:\/\/whitelip.com\/cs\/wp-json\/wp\/v2\/types\/product"}],"replies":[{"embeddable":true,"href":"https:\/\/whitelip.com\/cs\/wp-json\/wp\/v2\/comments?post=10002"}],"wp:featuredmedia":[{"embeddable":true,"href":"https:\/\/whitelip.com\/cs\/wp-json\/wp\/v2\/media\/3302"}],"wp:attachment":[{"href":"https:\/\/whitelip.com\/cs\/wp-json\/wp\/v2\/media?parent=10002"}],"wp:term":[{"taxonomy":"product_brand","embeddable":true,"href":"https:\/\/whitelip.com\/cs\/wp-json\/wp\/v2\/product_brand?post=10002"},{"taxonomy":"product_cat","embeddable":true,"href":"https:\/\/whitelip.com\/cs\/wp-json\/wp\/v2\/product_cat?post=10002"},{"taxonomy":"product_tag","embeddable":true,"href":"https:\/\/whitelip.com\/cs\/wp-json\/wp\/v2\/product_tag?post=10002"},{"taxonomy":"flavours","embeddable":true,"href":"https:\/\/whitelip.com\/cs\/wp-json\/wp\/v2\/flavours?post=10002"},{"taxonomy":"format","embeddable":true,"href":"https:\/\/whitelip.com\/cs\/wp-json\/wp\/v2\/format?post=10002"},{"taxonomy":"nicotine","embeddable":true,"href":"https:\/\/whitelip.com\/cs\/wp-json\/wp\/v2\/nicotine?post=10002"}],"curies":[{"name":"wp","href":"https:\/\/api.w.org\/{rel}","templated":true}]}}