{"id":7545,"date":"2024-11-29T20:01:43","date_gmt":"2024-11-29T20:01:43","guid":{"rendered":"https:\/\/whitelip.com\/shipping-deliveries\/"},"modified":"2026-01-07T11:03:03","modified_gmt":"2026-01-07T11:03:03","slug":"doprava-a-doruceni","status":"publish","type":"page","link":"https:\/\/whitelip.com\/cs\/shipping-deliveries\/","title":{"rendered":"P\u0159eprava a dod\u00e1vky"},"content":{"rendered":"<div class=\"wp-block-group container\"><div class=\"wp-block-group__inner-container is-layout-constrained wp-block-group-is-layout-constrained\"><section class=\"block--text\">\n    <div class=\"inner_blocks\">\n        \n\n<h1 class=\"wp-block-heading\">P\u0158EPRAVA A DOD\u00c1VKY<\/h1>\n\n\n\n<p><strong>P\u0159epravn\u00ed podm\u00ednky a informace<\/strong><\/p>\n\n\n\n<p>V sou\u010dasn\u00e9 dob\u011b nab\u00edz\u00edme doru\u010den\u00ed prost\u0159ednictv\u00edm spole\u010dnost\u00ed UPS, USPS, DHL Express, DHL Freight, PostNord, FedEx International Economy a FedEx International Priority.<\/p>\n\n\n\n<p>M\u016f\u017eete si zvolit doru\u010den\u00ed na adresu dom\u016f, na servisn\u00ed m\u00edsto nebo na jinou v\u00e1mi uvedenou adresu.<\/p>\n\n\n\n<p><strong>P\u0159eprava podle zem\u011b<\/strong><\/p>\n\n\n\n<p>USA: USPS 3-20 pracovn\u00edch dn\u016f, podle toho, ve kter\u00e9m st\u00e1t\u011b \u017eijete. Pokud m\u00e1te pot\u00ed\u017ee se sledov\u00e1n\u00edm z\u00e1silky pomoc\u00ed n\u00e1mi zaslan\u00e9ho \u00favodn\u00edho odkazu pro sledov\u00e1n\u00ed, pod\u00edvejte se pros\u00edm na https:\/\/www.17track.net\/en a zadejte sv\u00e9 sledovac\u00ed \u010d\u00edslo, kde z\u00edsk\u00e1te dal\u0161\u00ed informace. P\u0159ed objedn\u00e1n\u00edm do USA si pros\u00edm p\u0159e\u010dt\u011bte na\u0161e <a href=\"https:\/\/whitelip.com\/cs\/vraceni-zbozi\/\">pravidla pro vracen\u00ed zbo\u017e\u00ed<\/a>.<\/p>\n\n\n\n<p>VELK\u00c1 BRIT\u00c1NIE: Upozorn\u011bn\u00ed: Na dovoz se nevztahuje \u017e\u00e1dn\u00e1 da\u0148, v\u0161echny ceny zobrazen\u00e9 v pokladn\u011b jsou kone\u010dn\u00e9.<br>- Pokud s v\u00fd\u0161e uveden\u00fdm m\u00e1te probl\u00e9my, napi\u0161te n\u00e1m na support@whitelip.com.<\/p>\n\n\n\n<p>EU: FedEx Express, FedEx Economy a DHL Express.<\/p>\n\n\n\n<p><strong>Jak je doprava \u0159e\u0161ena spole\u010dnost\u00ed Whitelip.com?<\/strong><\/p>\n\n\n\n<ol class=\"wp-block-list\">\n<li>Po dokon\u010den\u00ed n\u00e1kupu obdr\u017e\u00edte potvrzen\u00ed objedn\u00e1vky na pou\u017eit\u00fd e-mail. Tento e-mail bude obsahovat informace o va\u0161em n\u00e1kupu.<\/li>\n\n\n\n<li>Va\u0161e v\u00fdrobky zabal\u00edme do odoln\u00e9 a lehk\u00e9 krabice a p\u0159id\u00e1me dal\u0161\u00ed pamlsky.<\/li>\n\n\n\n<li>Jakmile bude va\u0161e objedn\u00e1vka p\u0159ed\u00e1na vybran\u00e9mu p\u0159epravn\u00edmu partnerovi, bude v\u00e1m zasl\u00e1n e-mail s \u010d\u00edslem z\u00e1silky. D\u00edky tomuto sledovac\u00edmu \u010d\u00edslu m\u016f\u017eete sledovat cestu z\u00e1silky k v\u00e1m.<\/li>\n<\/ol>\n\n\n\n<p><\/p>\n\n\n\n<p><strong>Doba manipulace<\/strong><\/p>\n\n\n\n<p>V\u011bt\u0161inu na\u0161ich objedn\u00e1vek (90%) odes\u00edl\u00e1me je\u0161t\u011b t\u00fd\u017e den, kdy p\u0159ijde objedn\u00e1vka. P\u0159\u00edpady, kdy je doba vy\u0159\u00edzen\u00ed del\u0161\u00ed, nast\u00e1vaj\u00ed nap\u0159. tehdy, kdy\u017e produkty pro va\u0161i objedn\u00e1vku nejsou skladem. Pokud se v\u00e1m to stane a doba vy\u0159\u00edzen\u00ed je del\u0161\u00ed ne\u017e 48 hodin, budeme v\u00e1s kontaktovat ohledn\u011b d\u016fvod\u016f. &nbsp;<\/p>\n\n\n\n<p><strong>Dal\u0161\u00ed informace<\/strong><\/p>\n\n\n\n<p>Spole\u010dnost Whitelip.com si vyhrazuje pr\u00e1vo zadr\u017eet jakoukoli objedn\u00e1vku z d\u016fvodu bezpe\u010dnostn\u00ed kontroly. Pokud se to t\u00fdk\u00e1 va\u0161\u00ed objedn\u00e1vky, budete o tom informov\u00e1ni do dvou pracovn\u00edch dn\u016f.<\/p>\n\n\n\n<p>Upozorn\u011bn\u00ed - z\u00e1kazn\u00edci z USA si mohou bal\u00ed\u010dek vyzvednout pouze v p\u0159\u00edpad\u011b, \u017ee jsou star\u0161\u00ed 21 let.<\/p>\n\n\n\n<p><strong>Pro kupuj\u00edc\u00ed mimo Evropskou unii (EU)<\/strong><\/p>\n\n\n\n<p>Vy jako z\u00e1kazn\u00edk jste zodpov\u011bdn\u00ed za to, \u017ee v\u00fdrobek m\u016f\u017ee b\u00fdt do c\u00edlov\u00e9 zem\u011b dovezen v souladu se z\u00e1konem. P\u0159i objedn\u00e1vce ze str\u00e1nek Whitelip.com je p\u0159\u00edjemce dovozcem a mus\u00ed dodr\u017eovat v\u0161echny z\u00e1kony a p\u0159edpisy zem\u011b ur\u010den\u00ed. Objedn\u00e1vky zas\u00edlan\u00e9 do zem\u00ed mimo \u0160v\u00e9dsko mohou podl\u00e9hat spot\u0159ebn\u00edm dan\u00edm, cl\u016fm a poplatk\u016fm vyb\u00edran\u00fdm m\u00edstn\u00ed zem\u00ed a\/nebo jurisdikc\u00ed. P\u0159\u00edjemce mezin\u00e1rodn\u00ed z\u00e1silky m\u016f\u017ee podl\u00e9hat t\u011bmto spot\u0159ebn\u00edm dan\u00edm, cl\u016fm a poplatk\u016fm, kter\u00e9 jsou vyb\u00edr\u00e1ny, jakmile z\u00e1silka doraz\u00ed do va\u0161\u00ed zem\u011b a\/nebo na va\u0161i doru\u010dovac\u00ed adresu. Za nahl\u00e1\u0161en\u00ed a odveden\u00ed t\u011bchto dan\u00ed je odpov\u011bdn\u00fd z\u00e1kazn\u00edk. Dal\u0161\u00ed poplatky za celn\u00ed odbaven\u00ed mus\u00ed n\u00e9st p\u0159\u00edjemce; tyto poplatky nem\u00e1me pod kontrolou a nem\u016f\u017eeme p\u0159edv\u00eddat jejich v\u00fd\u0161i. Celn\u00ed p\u0159edpisy se v jednotliv\u00fdch zem\u00edch zna\u010dn\u011b li\u0161\u00ed; pro dal\u0161\u00ed informace se obra\u0165te na m\u00edstn\u00ed celn\u00ed \u00fa\u0159ad. Pokud je vy\u017eadov\u00e1no celn\u00ed odbaven\u00ed, m\u016f\u017ee to zp\u016fsobit zpo\u017ed\u011bn\u00ed p\u0159esahuj\u00edc\u00ed na\u0161e p\u016fvodn\u00ed odhady doru\u010den\u00ed. Jakmile objedn\u00e1vka opust\u00ed sklad spole\u010dnosti Whitelip.com, nejsme ji\u017e za z\u00e1silku zodpov\u011bdn\u00ed a odpov\u011bdnost p\u0159ech\u00e1z\u00ed na v\u00e1s jako z\u00e1kazn\u00edka. P\u0159e\u010dt\u011bte si pros\u00edm na\u0161e \u00fapln\u00e9 zn\u011bn\u00ed <a href=\"https:\/\/whitelip.com\/cs\/vraceni-zbozi\/\">pravidla pro vracen\u00ed zbo\u017e\u00ed<\/a> p\u0159ed odesl\u00e1n\u00edm objedn\u00e1vky mimo EU.<\/p>\n\n\n    <\/div>\n<\/section>\n<\/div><\/div>","protected":false},"excerpt":{"rendered":"","protected":false},"author":8456,"featured_media":0,"parent":0,"menu_order":0,"comment_status":"open","ping_status":"open","template":"text.php","meta":{"_acf_changed":false,"footnotes":""},"class_list":["post-7545","page","type-page","status-publish","hentry"],"acf":[],"_links":{"self":[{"href":"https:\/\/whitelip.com\/cs\/wp-json\/wp\/v2\/pages\/7545","targetHints":{"allow":["GET"]}}],"collection":[{"href":"https:\/\/whitelip.com\/cs\/wp-json\/wp\/v2\/pages"}],"about":[{"href":"https:\/\/whitelip.com\/cs\/wp-json\/wp\/v2\/types\/page"}],"author":[{"embeddable":true,"href":"https:\/\/whitelip.com\/cs\/wp-json\/wp\/v2\/users\/8456"}],"replies":[{"embeddable":true,"href":"https:\/\/whitelip.com\/cs\/wp-json\/wp\/v2\/comments?post=7545"}],"version-history":[{"count":0,"href":"https:\/\/whitelip.com\/cs\/wp-json\/wp\/v2\/pages\/7545\/revisions"}],"wp:attachment":[{"href":"https:\/\/whitelip.com\/cs\/wp-json\/wp\/v2\/media?parent=7545"}],"curies":[{"name":"wp","href":"https:\/\/api.w.org\/{rel}","templated":true}]}}