{"id":10310,"date":"2025-04-08T11:35:24","date_gmt":"2025-04-08T11:35:24","guid":{"rendered":"https:\/\/whitelip.com\/apres-ice-tea-peach-hyper-strong\/"},"modified":"2026-05-07T10:11:32","modified_gmt":"2026-05-07T10:11:32","slug":"apres-ice-tea-peach-hyper-strong","status":"publish","type":"product","link":"https:\/\/whitelip.com\/ar\/apres\/apres-ice-tea-peach-hyper-strong\/","title":{"rendered":"APR\u00c8S Ice Tea Peach Hyp\u00e8r Strong"},"content":{"rendered":"<h2><strong>APR\u00c8S Ice Tea Peach Hyp\u00e8r Strong<\/strong><\/h2>\n<p><span style=\"font-weight: 400;\">\u062a\u0648\u0641\u0631 \u0631\u0642\u0639 \u0627\u0644\u0646\u064a\u0643\u0648\u062a\u064a\u0646 APR\u00c8S Ice Tea Peach Hyp\u00e8r Strong \u0637\u0639\u0645 \u0627\u0644\u062e\u0648\u062e \u0627\u0644\u062d\u0644\u0648 \u0645\u0639 \u0645\u0644\u0627\u062d\u0638\u0627\u062a \u0627\u0644\u0634\u0627\u064a \u0627\u0644\u0623\u0633\u0648\u062f\u060c \u0645\u0645\u0627 \u064a\u0648\u0641\u0631 \u062a\u062c\u0631\u0628\u0629 \u0637\u0639\u0645 \u0645\u0646\u0639\u0634\u0629. \u062a\u062d\u062a\u0648\u064a \u0643\u0644 \u0631\u0642\u0639\u0629 \u0631\u0642\u064a\u0642\u0629 \u0628\u064a\u0636\u0627\u0621 \u0628\u0627\u0644\u0643\u0627\u0645\u0644 \u0639\u0644\u0649 11 \u0645\u0644\u063a \u0645\u0646 \u0627\u0644\u0646\u064a\u0643\u0648\u062a\u064a\u0646\u060c \u0645\u0645\u0627 \u064a\u0648\u0641\u0631 \u0625\u062d\u0633\u0627\u0633\u0627\u064b \u0642\u0648\u064a\u0627\u064b \u0645\u0646\u0627\u0633\u0628\u0627\u064b \u0644\u0644\u0645\u0633\u062a\u062e\u062f\u0645\u064a\u0646 \u0630\u0648\u064a \u0627\u0644\u062e\u0628\u0631\u0629. \u064a\u0636\u0645\u0646 \u0627\u0644\u062a\u0635\u0645\u064a\u0645 \u0627\u0644\u0645\u0646\u0641\u0635\u0644 \u0645\u0644\u0627\u0621\u0645\u0629 \u0645\u0631\u064a\u062d\u0629 \u062a\u062d\u062a \u0627\u0644\u0634\u0641\u0629\u060c \u0645\u0645\u0627 \u064a\u0633\u0645\u062d \u0628\u0627\u0633\u062a\u062e\u062f\u0627\u0645\u0647\u0627 \u0641\u064a \u0623\u064a \u0648\u0642\u062a \u062f\u0648\u0646 \u062a\u0644\u0637\u064a\u062e \u0627\u0644\u0623\u0633\u0646\u0627\u0646. \u064a\u0646\u062a\u062c\u0647\u0627 APR\u00c8S Nicotine AB\u060c \u0648\u0647\u0630\u0647 \u0627\u0644\u0631\u0642\u0639 \u0627\u0644\u062e\u0627\u0644\u064a\u0629 \u0645\u0646 \u0627\u0644\u062a\u0628\u063a \u062a\u062c\u0633\u062f \u0645\u0639\u0627\u064a\u064a\u0631 \u0639\u0627\u0644\u064a\u0629 \u0627\u0644\u062c\u0648\u062f\u0629 \u0648\u0645\u0632\u064a\u062c \u0646\u0643\u0647\u0627\u062a \u0645\u0628\u062a\u0643\u0631.<\/span><\/p>\n<table>\n<tbody>\n<tr>\n<td><b>Attribute<\/b><\/td>\n<td><b>\u0627\u0644\u062a\u0641\u0627\u0635\u064a\u0644<\/b><\/td>\n<\/tr>\n<tr>\n<td><b>\u0627\u0644\u0645\u062d\u062a\u0648\u0649 \u0644\u0643\u0644 \u0639\u0644\u0628\u0629<\/b><\/td>\n<td><span style=\"font-weight: 400;\">11g (20 pouches)<\/span><\/td>\n<\/tr>\n<tr>\n<td><b>\u0645\u062d\u062a\u0648\u0649 \u0627\u0644\u0646\u064a\u0643\u0648\u062a\u064a\u0646<\/b><\/td>\n<td><span style=\"font-weight: 400;\">20 \u0645\u0644\u063a\/\u063a (11 \u0645\u0644\u063a \u0644\u0643\u0644 \u0643\u064a\u0633)<\/span><\/td>\n<\/tr>\n<tr>\n<td><b>\u0635\u064a\u063a\u0629 \u0627\u0644\u0643\u064a\u0633<\/b><\/td>\n<td><span style=\"font-weight: 400;\">\u0646\u062d\u064a\u0641<\/span><\/td>\n<\/tr>\n<tr>\n<td><b>\u0627\u0644\u0645\u064f\u0646\u062a\u062c<\/b><\/td>\n<td><span style=\"font-weight: 400;\">APR\u00c8S Nicotine AB<\/span><\/td>\n<\/tr>\n<tr>\n<td><b>\u0627\u0644\u0646\u0643\u0647\u0629<\/b><\/td>\n<td><span style=\"font-weight: 400;\">\u0627\u0644\u062e\u0648\u062e \u0648\u0627\u0644\u0634\u0627\u064a \u0627\u0644\u0623\u0633\u0648\u062f<\/span><\/td>\n<\/tr>\n<tr>\n<td><b>\u0627\u0644\u0646\u0648\u0639<\/b><\/td>\n<td><span style=\"font-weight: 400;\">\u0643\u064a\u0633 \u0623\u0628\u064a\u0636 \u0628\u0627\u0644\u0643\u0627\u0645\u0644<\/span><\/td>\n<\/tr>\n<\/tbody>\n<\/table>\n<p>\u00a0<\/p>","protected":false},"excerpt":{"rendered":"<p>\u062d\u0644\u0648 <strong data-start=\"6\" data-end=\"30\">\u0627\u0644\u062e\u0648\u062e \u0645\u0639 \u0627\u0644\u0634\u0627\u064a \u0627\u0644\u0623\u0633\u0648\u062f<\/strong> \u0644\u0644\u062d\u0635\u0648\u0644 \u0639\u0644\u0649 \u062c\u0648 \u0645\u0646\u0639\u0634 \u0628\u0634\u0627\u064a \u0645\u062b\u0644\u062c. \u0627\u0644 <strong data-start=\"62\" data-end=\"81\">\u0631\u0641\u064a\u0639\u060c <\/strong>\u0623\u0643\u064a\u0627\u0633 \u0628\u064a\u0636\u0627\u0621 \u0628\u0627\u0644\u0643\u0627\u0645\u0644 \u062a\u062c\u0644\u0633 \u0628\u0634\u0643\u0644 \u0645\u062a\u062d\u0641\u0638 \u0648\u0645\u0631\u064a\u062d \u062a\u062d\u062a \u0627\u0644\u0634\u0641\u0629 \u0644\u0644\u0627\u0633\u062a\u062e\u062f\u0627\u0645 \u0627\u0644\u0646\u0638\u064a\u0641 \u0641\u064a \u0623\u064a \u0648\u0642\u062a. \u064a\u062d\u062a\u0648\u064a \u0643\u0644 \u0643\u064a\u0633 \u0639\u0644\u0649 <strong data-start=\"179\" data-end=\"197\">11 \u0645\u0644\u063a \u0646\u064a\u0643\u0648\u062a\u064a\u0646<\/strong>\u060c \u0645\u0645\u0627 \u064a\u0648\u0641\u0631 \u062a\u062c\u0631\u0628\u0629 \u0642\u0648\u064a\u0629 Hyp\u00e8r Strong \u0645\u0646 APR\u00c8S Nicotine AB.<\/p>","protected":false},"featured_media":10311,"comment_status":"open","ping_status":"closed","template":"","format":[206],"meta":{"_acf_changed":false},"product_brand":[],"product_cat":[41],"product_tag":[16551],"flavours":[196],"nicotine":[218,232],"class_list":{"0":"post-10310","1":"product","2":"type-product","3":"status-publish","4":"has-post-thumbnail","6":"product_cat-apres","7":"product_tag-11-mg-pouch","8":"pa_quantity-1-pack","9":"pa_quantity-10-pack","10":"pa_quantity-3-pack","11":"pa_quantity-30-pack","12":"pa_quantity-5-pack","13":"pa_quantity-60-pack","14":"flavours-fruits-berries","15":"format-slim","16":"nicotine-20-mg-g","17":"nicotine-extra-strong","19":"first","20":"outofstock","21":"taxable","22":"shipping-taxable","23":"purchasable","24":"product-type-variable","25":"has-default-attributes"},"acf":[],"_links":{"self":[{"href":"https:\/\/whitelip.com\/ar\/wp-json\/wp\/v2\/product\/10310","targetHints":{"allow":["GET"]}}],"collection":[{"href":"https:\/\/whitelip.com\/ar\/wp-json\/wp\/v2\/product"}],"about":[{"href":"https:\/\/whitelip.com\/ar\/wp-json\/wp\/v2\/types\/product"}],"replies":[{"embeddable":true,"href":"https:\/\/whitelip.com\/ar\/wp-json\/wp\/v2\/comments?post=10310"}],"wp:featuredmedia":[{"embeddable":true,"href":"https:\/\/whitelip.com\/ar\/wp-json\/wp\/v2\/media\/10311"}],"wp:attachment":[{"href":"https:\/\/whitelip.com\/ar\/wp-json\/wp\/v2\/media?parent=10310"}],"wp:term":[{"taxonomy":"product_brand","embeddable":true,"href":"https:\/\/whitelip.com\/ar\/wp-json\/wp\/v2\/product_brand?post=10310"},{"taxonomy":"product_cat","embeddable":true,"href":"https:\/\/whitelip.com\/ar\/wp-json\/wp\/v2\/product_cat?post=10310"},{"taxonomy":"product_tag","embeddable":true,"href":"https:\/\/whitelip.com\/ar\/wp-json\/wp\/v2\/product_tag?post=10310"},{"taxonomy":"flavours","embeddable":true,"href":"https:\/\/whitelip.com\/ar\/wp-json\/wp\/v2\/flavours?post=10310"},{"taxonomy":"format","embeddable":true,"href":"https:\/\/whitelip.com\/ar\/wp-json\/wp\/v2\/format?post=10310"},{"taxonomy":"nicotine","embeddable":true,"href":"https:\/\/whitelip.com\/ar\/wp-json\/wp\/v2\/nicotine?post=10310"}],"curies":[{"name":"wp","href":"https:\/\/api.w.org\/{rel}","templated":true}]}}